{"id":598,"date":"2019-07-10T12:28:07","date_gmt":"2019-07-10T10:28:07","guid":{"rendered":"http:\/\/globaltext.workon.studio\/?page_id=598"},"modified":"2019-07-15T15:46:31","modified_gmt":"2019-07-15T13:46:31","slug":"our-translators","status":"publish","type":"page","link":"https:\/\/globaltext.se\/en\/our-services\/our-translators\/","title":{"rendered":"Our translators"},"content":{"rendered":"\t\t<div data-elementor-type=\"wp-post\" data-elementor-id=\"598\" class=\"elementor elementor-598\" data-elementor-post-type=\"page\">\n\t\t\t\t\t\t<section class=\"elementor-section elementor-top-section elementor-element elementor-element-7c9f58b3 elementor-section-boxed elementor-section-height-default elementor-section-height-default\" data-id=\"7c9f58b3\" data-element_type=\"section\" data-settings=\"{&quot;background_background&quot;:&quot;gradient&quot;}\">\n\t\t\t\t\t\t<div class=\"elementor-container elementor-column-gap-default\">\n\t\t\t\t\t<div class=\"elementor-column elementor-col-100 elementor-top-column elementor-element elementor-element-6f0ce284\" data-id=\"6f0ce284\" data-element_type=\"column\">\n\t\t\t<div class=\"elementor-widget-wrap elementor-element-populated\">\n\t\t\t\t\t\t<div class=\"elementor-element elementor-element-2a27a9f0 elementor-widget elementor-widget-breadcrumbs\" data-id=\"2a27a9f0\" data-element_type=\"widget\" data-widget_type=\"breadcrumbs.default\">\n\t\t\t\t<div class=\"elementor-widget-container\">\n\t\t\t\t\t<p id=\"breadcrumbs\"><span><span><a href=\"https:\/\/globaltext.se\/en\/\">Home<\/a><\/span><\/span><\/p>\t\t\t\t<\/div>\n\t\t\t\t<\/div>\n\t\t\t\t\t<\/div>\n\t\t<\/div>\n\t\t\t\t\t<\/div>\n\t\t<\/section>\n\t\t\t\t<section class=\"elementor-section elementor-top-section elementor-element elementor-element-241b61ff elementor-section-boxed elementor-section-height-default elementor-section-height-default\" data-id=\"241b61ff\" data-element_type=\"section\">\n\t\t\t\t\t\t<div class=\"elementor-container elementor-column-gap-default\">\n\t\t\t\t\t<div class=\"elementor-column elementor-col-100 elementor-top-column elementor-element elementor-element-28b9cc9d\" data-id=\"28b9cc9d\" data-element_type=\"column\">\n\t\t\t<div class=\"elementor-widget-wrap elementor-element-populated\">\n\t\t\t\t\t\t<div class=\"elementor-element elementor-element-4394810d elementor-widget elementor-widget-heading\" data-id=\"4394810d\" data-element_type=\"widget\" data-widget_type=\"heading.default\">\n\t\t\t\t<div class=\"elementor-widget-container\">\n\t\t\t\t\t<h2 class=\"elementor-heading-title elementor-size-default\">Our translators<\/h2>\t\t\t\t<\/div>\n\t\t\t\t<\/div>\n\t\t\t\t<div class=\"elementor-element elementor-element-f4f6936 elementor-widget elementor-widget-text-editor\" data-id=\"f4f6936\" data-element_type=\"widget\" data-widget_type=\"text-editor.default\">\n\t\t\t\t<div class=\"elementor-widget-container\">\n\t\t\t\t\t\t\t\t\t<p>Global Text\u2019s foremost priorities are language quality and dependable delivery. We thoroughly assess and test all our translators to ensure a very high standard of expertise in both the source- and the native language. It is equally important that our translators possess an in-depth knowledge of the terminology that is used in their respective specialist areas.<\/p>\t\t\t\t\t\t\t\t<\/div>\n\t\t\t\t<\/div>\n\t\t\t\t\t<\/div>\n\t\t<\/div>\n\t\t\t\t\t<\/div>\n\t\t<\/section>\n\t\t\t\t<section class=\"elementor-section elementor-top-section elementor-element elementor-element-520edabb elementor-section-boxed elementor-section-height-default elementor-section-height-default\" data-id=\"520edabb\" data-element_type=\"section\">\n\t\t\t\t\t\t<div class=\"elementor-container elementor-column-gap-default\">\n\t\t\t\t\t<div class=\"elementor-column elementor-col-50 elementor-top-column elementor-element elementor-element-2301c802\" data-id=\"2301c802\" data-element_type=\"column\">\n\t\t\t<div class=\"elementor-widget-wrap elementor-element-populated\">\n\t\t\t\t\t\t<div class=\"elementor-element elementor-element-15357a53 elementor-widget elementor-widget-heading\" data-id=\"15357a53\" data-element_type=\"widget\" data-widget_type=\"heading.default\">\n\t\t\t\t<div class=\"elementor-widget-container\">\n\t\t\t\t\t<h3 class=\"elementor-heading-title elementor-size-default\">Quality assured translators<\/h3>\t\t\t\t<\/div>\n\t\t\t\t<\/div>\n\t\t\t\t<div class=\"elementor-element elementor-element-77789e11 elementor-widget elementor-widget-text-editor\" data-id=\"77789e11\" data-element_type=\"widget\" data-widget_type=\"text-editor.default\">\n\t\t\t\t<div class=\"elementor-widget-container\">\n\t\t\t\t\t\t\t\t\t<p>We have a comprehensive, quality assured network of very knowledgeable translators that are not only highly competent, but in addition have extensive experience within their respective specialist fields. They are accustomed to working to strict deadlines and can handle challenging delivery requirements. Everything to guarantee the highest possible levels of quality and service.<\/p><p>Every assignment demands not only the best translator, in respect of\u00a0 language specialisation but also in respect of type of text, subject area, the target audience for which the text is intended, and\u00a0 its format.<\/p>\t\t\t\t\t\t\t\t<\/div>\n\t\t\t\t<\/div>\n\t\t\t\t<div class=\"elementor-element elementor-element-2bf7f530 elementor-widget elementor-widget-heading\" data-id=\"2bf7f530\" data-element_type=\"widget\" data-widget_type=\"heading.default\">\n\t\t\t\t<div class=\"elementor-widget-container\">\n\t\t\t\t\t<h3 class=\"elementor-heading-title elementor-size-default\">Our translators become part of your team<\/h3>\t\t\t\t<\/div>\n\t\t\t\t<\/div>\n\t\t\t\t<div class=\"elementor-element elementor-element-2e013dfe elementor-widget elementor-widget-text-editor\" data-id=\"2e013dfe\" data-element_type=\"widget\" data-widget_type=\"text-editor.default\">\n\t\t\t\t<div class=\"elementor-widget-container\">\n\t\t\t\t\t\t\t\t\t<p>Our goal is to provide our customers with a dedicated team of translators. Our translators quickly become experts on your products and business documentation, which most importantly guarantees language consistency across all your documentation.<\/p>\t\t\t\t\t\t\t\t<\/div>\n\t\t\t\t<\/div>\n\t\t\t\t\t<\/div>\n\t\t<\/div>\n\t\t\t\t<div class=\"elementor-column elementor-col-50 elementor-top-column elementor-element elementor-element-68d20898\" data-id=\"68d20898\" data-element_type=\"column\">\n\t\t\t<div class=\"elementor-widget-wrap elementor-element-populated\">\n\t\t\t\t\t\t<div class=\"elementor-element elementor-element-70c648c6 elementor-widget elementor-widget-heading\" data-id=\"70c648c6\" data-element_type=\"widget\" data-widget_type=\"heading.default\">\n\t\t\t\t<div class=\"elementor-widget-container\">\n\t\t\t\t\t<h5 class=\"elementor-heading-title elementor-size-default\">You can have complete confidence in Global Text\u2019s translators.<\/h5>\t\t\t\t<\/div>\n\t\t\t\t<\/div>\n\t\t\t\t<div class=\"elementor-element elementor-element-71730738 elementor-widget elementor-widget-text-editor\" data-id=\"71730738\" data-element_type=\"widget\" data-widget_type=\"text-editor.default\">\n\t\t\t\t<div class=\"elementor-widget-container\">\n\t\t\t\t\t\t\t\t\t<ul><li>Quality assured and carefully selected translators<\/li><li>A unique team of translators for your company<\/li><li>Translators with specialist knowledge<\/li><\/ul>\t\t\t\t\t\t\t\t<\/div>\n\t\t\t\t<\/div>\n\t\t\t\t<div class=\"elementor-element elementor-element-4987f2bb elementor-widget elementor-widget-image\" data-id=\"4987f2bb\" data-element_type=\"widget\" data-widget_type=\"image.default\">\n\t\t\t\t<div class=\"elementor-widget-container\">\n\t\t\t\t\t\t\t\t\t\t\t\t\t\t\t<img decoding=\"async\" width=\"1\" height=\"1\" src=\"https:\/\/globaltext.se\/wp-content\/uploads\/2019\/06\/ourservices_1.svg\" class=\"attachment-thumbnail size-thumbnail wp-image-282\" alt=\"\" \/>\t\t\t\t\t\t\t\t\t\t\t\t\t\t\t<\/div>\n\t\t\t\t<\/div>\n\t\t\t\t\t<\/div>\n\t\t<\/div>\n\t\t\t\t\t<\/div>\n\t\t<\/section>\n\t\t\t\t<section class=\"elementor-section elementor-top-section elementor-element elementor-element-578d41e5 bubble elementor-section-boxed elementor-section-height-default elementor-section-height-default\" data-id=\"578d41e5\" data-element_type=\"section\" id=\"services-bubble-1\" data-settings=\"{&quot;background_background&quot;:&quot;classic&quot;}\">\n\t\t\t\t\t\t<div class=\"elementor-container elementor-column-gap-default\">\n\t\t\t\t\t<div class=\"elementor-column elementor-col-100 elementor-top-column elementor-element elementor-element-3d70a49a\" data-id=\"3d70a49a\" data-element_type=\"column\">\n\t\t\t<div class=\"elementor-widget-wrap elementor-element-populated\">\n\t\t\t\t\t\t<div class=\"elementor-element elementor-element-6d502cd0 bubble-wrapper elementor-widget elementor-widget-image\" data-id=\"6d502cd0\" data-element_type=\"widget\" data-widget_type=\"image.default\">\n\t\t\t\t<div class=\"elementor-widget-container\">\n\t\t\t\t\t\t\t\t\t\t\t\t\t\t\t<img fetchpriority=\"high\" decoding=\"async\" width=\"356\" height=\"356\" src=\"https:\/\/globaltext.se\/wp-content\/uploads\/2019\/07\/bubble.png\" class=\"attachment-medium_large size-medium_large wp-image-461\" alt=\"\" srcset=\"https:\/\/globaltext.se\/wp-content\/uploads\/2019\/07\/bubble.png 356w, https:\/\/globaltext.se\/wp-content\/uploads\/2019\/07\/bubble-150x150.png 150w, https:\/\/globaltext.se\/wp-content\/uploads\/2019\/07\/bubble-300x300.png 300w\" sizes=\"(max-width: 356px) 100vw, 356px\" \/>\t\t\t\t\t\t\t\t\t\t\t\t\t\t\t<\/div>\n\t\t\t\t<\/div>\n\t\t\t\t\t<\/div>\n\t\t<\/div>\n\t\t\t\t\t<\/div>\n\t\t<\/section>\n\t\t\t\t<section class=\"elementor-section elementor-top-section elementor-element elementor-element-b565c1d bubble elementor-section-boxed elementor-section-height-default elementor-section-height-default\" data-id=\"b565c1d\" data-element_type=\"section\" id=\"services-bubble-2\" data-settings=\"{&quot;background_background&quot;:&quot;classic&quot;}\">\n\t\t\t\t\t\t<div class=\"elementor-container elementor-column-gap-default\">\n\t\t\t\t\t<div class=\"elementor-column elementor-col-100 elementor-top-column elementor-element elementor-element-1615060\" data-id=\"1615060\" data-element_type=\"column\">\n\t\t\t<div class=\"elementor-widget-wrap elementor-element-populated\">\n\t\t\t\t\t\t<div class=\"elementor-element elementor-element-431a65c bubble-wrapper elementor-widget elementor-widget-image\" data-id=\"431a65c\" data-element_type=\"widget\" data-widget_type=\"image.default\">\n\t\t\t\t<div class=\"elementor-widget-container\">\n\t\t\t\t\t\t\t\t\t\t\t\t\t\t\t<img fetchpriority=\"high\" decoding=\"async\" width=\"356\" height=\"356\" src=\"https:\/\/globaltext.se\/wp-content\/uploads\/2019\/07\/bubble.png\" class=\"attachment-medium_large size-medium_large wp-image-461\" alt=\"\" srcset=\"https:\/\/globaltext.se\/wp-content\/uploads\/2019\/07\/bubble.png 356w, https:\/\/globaltext.se\/wp-content\/uploads\/2019\/07\/bubble-150x150.png 150w, https:\/\/globaltext.se\/wp-content\/uploads\/2019\/07\/bubble-300x300.png 300w\" sizes=\"(max-width: 356px) 100vw, 356px\" \/>\t\t\t\t\t\t\t\t\t\t\t\t\t\t\t<\/div>\n\t\t\t\t<\/div>\n\t\t\t\t\t<\/div>\n\t\t<\/div>\n\t\t\t\t\t<\/div>\n\t\t<\/section>\n\t\t\t\t<section class=\"elementor-section elementor-top-section elementor-element elementor-element-e78fc5d bubble elementor-section-boxed elementor-section-height-default elementor-section-height-default\" data-id=\"e78fc5d\" data-element_type=\"section\" id=\"services-bubble-3\" data-settings=\"{&quot;background_background&quot;:&quot;classic&quot;}\">\n\t\t\t\t\t\t<div class=\"elementor-container elementor-column-gap-default\">\n\t\t\t\t\t<div class=\"elementor-column elementor-col-100 elementor-top-column elementor-element elementor-element-2e2a910\" data-id=\"2e2a910\" data-element_type=\"column\">\n\t\t\t<div class=\"elementor-widget-wrap elementor-element-populated\">\n\t\t\t\t\t\t<div class=\"elementor-element elementor-element-e086445 bubble-wrapper elementor-widget elementor-widget-image\" data-id=\"e086445\" data-element_type=\"widget\" data-widget_type=\"image.default\">\n\t\t\t\t<div class=\"elementor-widget-container\">\n\t\t\t\t\t\t\t\t\t\t\t\t\t\t\t<img fetchpriority=\"high\" decoding=\"async\" width=\"356\" height=\"356\" src=\"https:\/\/globaltext.se\/wp-content\/uploads\/2019\/07\/bubble.png\" class=\"attachment-medium_large size-medium_large wp-image-461\" alt=\"\" srcset=\"https:\/\/globaltext.se\/wp-content\/uploads\/2019\/07\/bubble.png 356w, https:\/\/globaltext.se\/wp-content\/uploads\/2019\/07\/bubble-150x150.png 150w, https:\/\/globaltext.se\/wp-content\/uploads\/2019\/07\/bubble-300x300.png 300w\" sizes=\"(max-width: 356px) 100vw, 356px\" \/>\t\t\t\t\t\t\t\t\t\t\t\t\t\t\t<\/div>\n\t\t\t\t<\/div>\n\t\t\t\t\t<\/div>\n\t\t<\/div>\n\t\t\t\t\t<\/div>\n\t\t<\/section>\n\t\t\t\t<\/div>\n\t\t","protected":false},"excerpt":{"rendered":"<p>Our translators Global Text\u2019s foremost priorities are language quality and dependable delivery. We thoroughly assess and test all our translators to ensure a very high standard of expertise in both the source- and the native language. It is equally important that our translators possess an in-depth knowledge of the terminology that is used in their [&hellip;]<\/p>\n","protected":false},"author":6,"featured_media":0,"parent":267,"menu_order":0,"comment_status":"closed","ping_status":"closed","template":"","meta":{"_acf_changed":false,"inline_featured_image":false,"footnotes":""},"class_list":["post-598","page","type-page","status-publish","hentry"],"acf":[],"yoast_head":"<!-- This site is optimized with the Yoast SEO plugin v22.4 - https:\/\/yoast.com\/wordpress\/plugins\/seo\/ -->\n<title>Our translators - Global Text<\/title>\n<meta name=\"robots\" content=\"index, follow, max-snippet:-1, max-image-preview:large, max-video-preview:-1\" \/>\n<link rel=\"canonical\" href=\"https:\/\/globaltext.se\/en\/our-services\/our-translators\/\" \/>\n<meta property=\"og:locale\" content=\"en_US\" \/>\n<meta property=\"og:type\" content=\"article\" \/>\n<meta property=\"og:title\" content=\"Our translators - Global Text\" \/>\n<meta property=\"og:description\" content=\"Our translators Global Text\u2019s foremost priorities are language quality and dependable delivery. We thoroughly assess and test all our translators to ensure a very high standard of expertise in both the source- and the native language. It is equally important that our translators possess an in-depth knowledge of the terminology that is used in their [&hellip;]\" \/>\n<meta property=\"og:url\" content=\"https:\/\/globaltext.se\/en\/our-services\/our-translators\/\" \/>\n<meta property=\"og:site_name\" content=\"Global Text\" \/>\n<meta property=\"article:modified_time\" content=\"2019-07-15T13:46:31+00:00\" \/>\n<meta property=\"og:image\" content=\"http:\/\/globaltext.workon.studio\/wp-content\/uploads\/2019\/06\/ourservices_1.svg\" \/>\n<meta name=\"twitter:card\" content=\"summary_large_image\" \/>\n<meta name=\"twitter:label1\" content=\"Est. reading time\" \/>\n\t<meta name=\"twitter:data1\" content=\"1 minute\" \/>\n<script type=\"application\/ld+json\" class=\"yoast-schema-graph\">{\"@context\":\"https:\/\/schema.org\",\"@graph\":[{\"@type\":\"WebPage\",\"@id\":\"https:\/\/globaltext.se\/en\/our-services\/our-translators\/\",\"url\":\"https:\/\/globaltext.se\/en\/our-services\/our-translators\/\",\"name\":\"Our translators - Global Text\",\"isPartOf\":{\"@id\":\"https:\/\/globaltext.se\/en\/#website\"},\"primaryImageOfPage\":{\"@id\":\"https:\/\/globaltext.se\/en\/our-services\/our-translators\/#primaryimage\"},\"image\":{\"@id\":\"https:\/\/globaltext.se\/en\/our-services\/our-translators\/#primaryimage\"},\"thumbnailUrl\":\"http:\/\/globaltext.workon.studio\/wp-content\/uploads\/2019\/06\/ourservices_1.svg\",\"datePublished\":\"2019-07-10T10:28:07+00:00\",\"dateModified\":\"2019-07-15T13:46:31+00:00\",\"breadcrumb\":{\"@id\":\"https:\/\/globaltext.se\/en\/our-services\/our-translators\/#breadcrumb\"},\"inLanguage\":\"en-US\",\"potentialAction\":[{\"@type\":\"ReadAction\",\"target\":[\"https:\/\/globaltext.se\/en\/our-services\/our-translators\/\"]}]},{\"@type\":\"ImageObject\",\"inLanguage\":\"en-US\",\"@id\":\"https:\/\/globaltext.se\/en\/our-services\/our-translators\/#primaryimage\",\"url\":\"http:\/\/globaltext.workon.studio\/wp-content\/uploads\/2019\/06\/ourservices_1.svg\",\"contentUrl\":\"http:\/\/globaltext.workon.studio\/wp-content\/uploads\/2019\/06\/ourservices_1.svg\"},{\"@type\":\"BreadcrumbList\",\"@id\":\"https:\/\/globaltext.se\/en\/our-services\/our-translators\/#breadcrumb\",\"itemListElement\":[{\"@type\":\"ListItem\",\"position\":1,\"name\":\"Home\",\"item\":\"https:\/\/globaltext.se\/en\/\"},{\"@type\":\"ListItem\",\"position\":2,\"name\":\"Our services\",\"item\":\"https:\/\/globaltext.se\/en\/our-services\/\"},{\"@type\":\"ListItem\",\"position\":3,\"name\":\"Our translators\"}]},{\"@type\":\"WebSite\",\"@id\":\"https:\/\/globaltext.se\/en\/#website\",\"url\":\"https:\/\/globaltext.se\/en\/\",\"name\":\"Global Text\",\"description\":\"Global Text \u00f6vers\u00e4ttningar: \u00d6vers\u00e4ttningsbyr\u00e5 i Stockholm\",\"potentialAction\":[{\"@type\":\"SearchAction\",\"target\":{\"@type\":\"EntryPoint\",\"urlTemplate\":\"https:\/\/globaltext.se\/en\/?s={search_term_string}\"},\"query-input\":\"required name=search_term_string\"}],\"inLanguage\":\"en-US\"}]}<\/script>\n<!-- \/ Yoast SEO plugin. -->","yoast_head_json":{"title":"Our translators - Global Text","robots":{"index":"index","follow":"follow","max-snippet":"max-snippet:-1","max-image-preview":"max-image-preview:large","max-video-preview":"max-video-preview:-1"},"canonical":"https:\/\/globaltext.se\/en\/our-services\/our-translators\/","og_locale":"en_US","og_type":"article","og_title":"Our translators - Global Text","og_description":"Our translators Global Text\u2019s foremost priorities are language quality and dependable delivery. We thoroughly assess and test all our translators to ensure a very high standard of expertise in both the source- and the native language. It is equally important that our translators possess an in-depth knowledge of the terminology that is used in their [&hellip;]","og_url":"https:\/\/globaltext.se\/en\/our-services\/our-translators\/","og_site_name":"Global Text","article_modified_time":"2019-07-15T13:46:31+00:00","og_image":[{"url":"http:\/\/globaltext.workon.studio\/wp-content\/uploads\/2019\/06\/ourservices_1.svg"}],"twitter_card":"summary_large_image","twitter_misc":{"Est. reading time":"1 minute"},"schema":{"@context":"https:\/\/schema.org","@graph":[{"@type":"WebPage","@id":"https:\/\/globaltext.se\/en\/our-services\/our-translators\/","url":"https:\/\/globaltext.se\/en\/our-services\/our-translators\/","name":"Our translators - Global Text","isPartOf":{"@id":"https:\/\/globaltext.se\/en\/#website"},"primaryImageOfPage":{"@id":"https:\/\/globaltext.se\/en\/our-services\/our-translators\/#primaryimage"},"image":{"@id":"https:\/\/globaltext.se\/en\/our-services\/our-translators\/#primaryimage"},"thumbnailUrl":"http:\/\/globaltext.workon.studio\/wp-content\/uploads\/2019\/06\/ourservices_1.svg","datePublished":"2019-07-10T10:28:07+00:00","dateModified":"2019-07-15T13:46:31+00:00","breadcrumb":{"@id":"https:\/\/globaltext.se\/en\/our-services\/our-translators\/#breadcrumb"},"inLanguage":"en-US","potentialAction":[{"@type":"ReadAction","target":["https:\/\/globaltext.se\/en\/our-services\/our-translators\/"]}]},{"@type":"ImageObject","inLanguage":"en-US","@id":"https:\/\/globaltext.se\/en\/our-services\/our-translators\/#primaryimage","url":"http:\/\/globaltext.workon.studio\/wp-content\/uploads\/2019\/06\/ourservices_1.svg","contentUrl":"http:\/\/globaltext.workon.studio\/wp-content\/uploads\/2019\/06\/ourservices_1.svg"},{"@type":"BreadcrumbList","@id":"https:\/\/globaltext.se\/en\/our-services\/our-translators\/#breadcrumb","itemListElement":[{"@type":"ListItem","position":1,"name":"Home","item":"https:\/\/globaltext.se\/en\/"},{"@type":"ListItem","position":2,"name":"Our services","item":"https:\/\/globaltext.se\/en\/our-services\/"},{"@type":"ListItem","position":3,"name":"Our translators"}]},{"@type":"WebSite","@id":"https:\/\/globaltext.se\/en\/#website","url":"https:\/\/globaltext.se\/en\/","name":"Global Text","description":"Global Text \u00f6vers\u00e4ttningar: \u00d6vers\u00e4ttningsbyr\u00e5 i Stockholm","potentialAction":[{"@type":"SearchAction","target":{"@type":"EntryPoint","urlTemplate":"https:\/\/globaltext.se\/en\/?s={search_term_string}"},"query-input":"required name=search_term_string"}],"inLanguage":"en-US"}]}},"_links":{"self":[{"href":"https:\/\/globaltext.se\/en\/wp-json\/wp\/v2\/pages\/598","targetHints":{"allow":["GET"]}}],"collection":[{"href":"https:\/\/globaltext.se\/en\/wp-json\/wp\/v2\/pages"}],"about":[{"href":"https:\/\/globaltext.se\/en\/wp-json\/wp\/v2\/types\/page"}],"author":[{"embeddable":true,"href":"https:\/\/globaltext.se\/en\/wp-json\/wp\/v2\/users\/6"}],"replies":[{"embeddable":true,"href":"https:\/\/globaltext.se\/en\/wp-json\/wp\/v2\/comments?post=598"}],"version-history":[{"count":0,"href":"https:\/\/globaltext.se\/en\/wp-json\/wp\/v2\/pages\/598\/revisions"}],"up":[{"embeddable":true,"href":"https:\/\/globaltext.se\/en\/wp-json\/wp\/v2\/pages\/267"}],"wp:attachment":[{"href":"https:\/\/globaltext.se\/en\/wp-json\/wp\/v2\/media?parent=598"}],"curies":[{"name":"wp","href":"https:\/\/api.w.org\/{rel}","templated":true}]}}