{"id":592,"date":"2019-07-10T12:17:37","date_gmt":"2019-07-10T10:17:37","guid":{"rendered":"http:\/\/globaltext.workon.studio\/?page_id=592"},"modified":"2019-07-15T15:45:19","modified_gmt":"2019-07-15T13:45:19","slug":"proofreading","status":"publish","type":"page","link":"https:\/\/globaltext.se\/en\/our-services\/proofreading\/","title":{"rendered":"Proofreading"},"content":{"rendered":"\t\t<div data-elementor-type=\"wp-post\" data-elementor-id=\"592\" class=\"elementor elementor-592\" data-elementor-post-type=\"page\">\n\t\t\t\t\t\t<section class=\"elementor-section elementor-top-section elementor-element elementor-element-39323b48 elementor-section-boxed elementor-section-height-default elementor-section-height-default\" data-id=\"39323b48\" data-element_type=\"section\" data-settings=\"{&quot;background_background&quot;:&quot;gradient&quot;}\">\n\t\t\t\t\t\t<div class=\"elementor-container elementor-column-gap-default\">\n\t\t\t\t\t<div class=\"elementor-column elementor-col-100 elementor-top-column elementor-element elementor-element-7536e733\" data-id=\"7536e733\" data-element_type=\"column\">\n\t\t\t<div class=\"elementor-widget-wrap elementor-element-populated\">\n\t\t\t\t\t\t<div class=\"elementor-element elementor-element-785d6243 elementor-widget elementor-widget-breadcrumbs\" data-id=\"785d6243\" data-element_type=\"widget\" data-widget_type=\"breadcrumbs.default\">\n\t\t\t\t<div class=\"elementor-widget-container\">\n\t\t\t\t\t<p id=\"breadcrumbs\"><span><span><a href=\"https:\/\/globaltext.se\/en\/\">Home<\/a><\/span><\/span><\/p>\t\t\t\t<\/div>\n\t\t\t\t<\/div>\n\t\t\t\t\t<\/div>\n\t\t<\/div>\n\t\t\t\t\t<\/div>\n\t\t<\/section>\n\t\t\t\t<section class=\"elementor-section elementor-top-section elementor-element elementor-element-517d50f9 elementor-section-boxed elementor-section-height-default elementor-section-height-default\" data-id=\"517d50f9\" data-element_type=\"section\">\n\t\t\t\t\t\t<div class=\"elementor-container elementor-column-gap-default\">\n\t\t\t\t\t<div class=\"elementor-column elementor-col-100 elementor-top-column elementor-element elementor-element-6f5abc0e\" data-id=\"6f5abc0e\" data-element_type=\"column\">\n\t\t\t<div class=\"elementor-widget-wrap elementor-element-populated\">\n\t\t\t\t\t\t<div class=\"elementor-element elementor-element-3a1e3824 elementor-widget elementor-widget-heading\" data-id=\"3a1e3824\" data-element_type=\"widget\" data-widget_type=\"heading.default\">\n\t\t\t\t<div class=\"elementor-widget-container\">\n\t\t\t\t\t<h2 class=\"elementor-heading-title elementor-size-default\">Proofreading<\/h2>\t\t\t\t<\/div>\n\t\t\t\t<\/div>\n\t\t\t\t<div class=\"elementor-element elementor-element-301b6b9f elementor-widget elementor-widget-text-editor\" data-id=\"301b6b9f\" data-element_type=\"widget\" data-widget_type=\"text-editor.default\">\n\t\t\t\t<div class=\"elementor-widget-container\">\n\t\t\t\t\t\t\t\t\t<p>We will manage your text and assist with language review and adaptation of your text, based on the context for which it is intended. Our professional reviewers ensure that you receive a flawless text regardless of the chosen language or subject matter.<\/p>\t\t\t\t\t\t\t\t<\/div>\n\t\t\t\t<\/div>\n\t\t\t\t\t<\/div>\n\t\t<\/div>\n\t\t\t\t\t<\/div>\n\t\t<\/section>\n\t\t\t\t<section class=\"elementor-section elementor-top-section elementor-element elementor-element-6456fa80 elementor-section-boxed elementor-section-height-default elementor-section-height-default\" data-id=\"6456fa80\" data-element_type=\"section\">\n\t\t\t\t\t\t<div class=\"elementor-container elementor-column-gap-default\">\n\t\t\t\t\t<div class=\"elementor-column elementor-col-50 elementor-top-column elementor-element elementor-element-49257c16\" data-id=\"49257c16\" data-element_type=\"column\">\n\t\t\t<div class=\"elementor-widget-wrap elementor-element-populated\">\n\t\t\t\t\t\t<div class=\"elementor-element elementor-element-3e037aa8 elementor-widget elementor-widget-heading\" data-id=\"3e037aa8\" data-element_type=\"widget\" data-widget_type=\"heading.default\">\n\t\t\t\t<div class=\"elementor-widget-container\">\n\t\t\t\t\t<h3 class=\"elementor-heading-title elementor-size-default\">Proofreading<\/h3>\t\t\t\t<\/div>\n\t\t\t\t<\/div>\n\t\t\t\t<div class=\"elementor-element elementor-element-5f3efea8 elementor-widget elementor-widget-text-editor\" data-id=\"5f3efea8\" data-element_type=\"widget\" data-widget_type=\"text-editor.default\">\n\t\t\t\t<div class=\"elementor-widget-container\">\n\t\t\t\t\t\t\t\t\t<p>It can be extremely advantageous to have a skilled linguist review the text and recommend more elegant or more commonly used expressions or wordings, so that important information is conveyed precisely and effectively. The reviewer\u2019s task may involve checking not only grammar, spelling, hyphenation and style, but also facts and terminology.<\/p>\t\t\t\t\t\t\t\t<\/div>\n\t\t\t\t<\/div>\n\t\t\t\t\t<\/div>\n\t\t<\/div>\n\t\t\t\t<div class=\"elementor-column elementor-col-50 elementor-top-column elementor-element elementor-element-64e0f338\" data-id=\"64e0f338\" data-element_type=\"column\">\n\t\t\t<div class=\"elementor-widget-wrap elementor-element-populated\">\n\t\t\t\t\t\t<div class=\"elementor-element elementor-element-778e19db elementor-widget elementor-widget-heading\" data-id=\"778e19db\" data-element_type=\"widget\" data-widget_type=\"heading.default\">\n\t\t\t\t<div class=\"elementor-widget-container\">\n\t\t\t\t\t<h5 class=\"elementor-heading-title elementor-size-default\">The advantages of working with Global Text:<\/h5>\t\t\t\t<\/div>\n\t\t\t\t<\/div>\n\t\t\t\t<div class=\"elementor-element elementor-element-c78c0df elementor-widget elementor-widget-text-editor\" data-id=\"c78c0df\" data-element_type=\"widget\" data-widget_type=\"text-editor.default\">\n\t\t\t\t<div class=\"elementor-widget-container\">\n\t\t\t\t\t\t\t\t\t<ul><li><p>Professional fact checking and language review<\/p><\/li><li>We guarantee the quality of the text<\/li><li>We employ only experienced reviewers that work with their native language<\/li><\/ul>\t\t\t\t\t\t\t\t<\/div>\n\t\t\t\t<\/div>\n\t\t\t\t<div class=\"elementor-element elementor-element-2bce9cee elementor-widget elementor-widget-image\" data-id=\"2bce9cee\" data-element_type=\"widget\" data-widget_type=\"image.default\">\n\t\t\t\t<div class=\"elementor-widget-container\">\n\t\t\t\t\t\t\t\t\t\t\t\t\t\t\t<img decoding=\"async\" width=\"1\" height=\"1\" src=\"https:\/\/globaltext.se\/wp-content\/uploads\/2019\/06\/ourservices_1.svg\" class=\"attachment-thumbnail size-thumbnail wp-image-282\" alt=\"\" \/>\t\t\t\t\t\t\t\t\t\t\t\t\t\t\t<\/div>\n\t\t\t\t<\/div>\n\t\t\t\t\t<\/div>\n\t\t<\/div>\n\t\t\t\t\t<\/div>\n\t\t<\/section>\n\t\t\t\t<section class=\"elementor-section elementor-top-section elementor-element elementor-element-498817d5 bubble elementor-section-boxed elementor-section-height-default elementor-section-height-default\" data-id=\"498817d5\" data-element_type=\"section\" id=\"services-bubble-1\" data-settings=\"{&quot;background_background&quot;:&quot;classic&quot;}\">\n\t\t\t\t\t\t<div class=\"elementor-container elementor-column-gap-default\">\n\t\t\t\t\t<div class=\"elementor-column elementor-col-100 elementor-top-column elementor-element elementor-element-410fe7e2\" data-id=\"410fe7e2\" data-element_type=\"column\">\n\t\t\t<div class=\"elementor-widget-wrap elementor-element-populated\">\n\t\t\t\t\t\t<div class=\"elementor-element elementor-element-2a0b8502 bubble-wrapper elementor-widget elementor-widget-image\" data-id=\"2a0b8502\" data-element_type=\"widget\" data-widget_type=\"image.default\">\n\t\t\t\t<div class=\"elementor-widget-container\">\n\t\t\t\t\t\t\t\t\t\t\t\t\t\t\t<img fetchpriority=\"high\" decoding=\"async\" width=\"356\" height=\"356\" src=\"https:\/\/globaltext.se\/wp-content\/uploads\/2019\/07\/bubble.png\" class=\"attachment-medium_large size-medium_large wp-image-461\" alt=\"\" srcset=\"https:\/\/globaltext.se\/wp-content\/uploads\/2019\/07\/bubble.png 356w, https:\/\/globaltext.se\/wp-content\/uploads\/2019\/07\/bubble-150x150.png 150w, https:\/\/globaltext.se\/wp-content\/uploads\/2019\/07\/bubble-300x300.png 300w\" sizes=\"(max-width: 356px) 100vw, 356px\" \/>\t\t\t\t\t\t\t\t\t\t\t\t\t\t\t<\/div>\n\t\t\t\t<\/div>\n\t\t\t\t\t<\/div>\n\t\t<\/div>\n\t\t\t\t\t<\/div>\n\t\t<\/section>\n\t\t\t\t<section class=\"elementor-section elementor-top-section elementor-element elementor-element-b42ecc1 bubble elementor-section-boxed elementor-section-height-default elementor-section-height-default\" data-id=\"b42ecc1\" data-element_type=\"section\" id=\"services-bubble-2\" data-settings=\"{&quot;background_background&quot;:&quot;classic&quot;}\">\n\t\t\t\t\t\t<div class=\"elementor-container elementor-column-gap-default\">\n\t\t\t\t\t<div class=\"elementor-column elementor-col-100 elementor-top-column elementor-element elementor-element-0d26eb7\" data-id=\"0d26eb7\" data-element_type=\"column\">\n\t\t\t<div class=\"elementor-widget-wrap elementor-element-populated\">\n\t\t\t\t\t\t<div class=\"elementor-element elementor-element-ae42c02 bubble-wrapper elementor-widget elementor-widget-image\" data-id=\"ae42c02\" data-element_type=\"widget\" data-widget_type=\"image.default\">\n\t\t\t\t<div class=\"elementor-widget-container\">\n\t\t\t\t\t\t\t\t\t\t\t\t\t\t\t<img fetchpriority=\"high\" decoding=\"async\" width=\"356\" height=\"356\" src=\"https:\/\/globaltext.se\/wp-content\/uploads\/2019\/07\/bubble.png\" class=\"attachment-medium_large size-medium_large wp-image-461\" alt=\"\" srcset=\"https:\/\/globaltext.se\/wp-content\/uploads\/2019\/07\/bubble.png 356w, https:\/\/globaltext.se\/wp-content\/uploads\/2019\/07\/bubble-150x150.png 150w, https:\/\/globaltext.se\/wp-content\/uploads\/2019\/07\/bubble-300x300.png 300w\" sizes=\"(max-width: 356px) 100vw, 356px\" \/>\t\t\t\t\t\t\t\t\t\t\t\t\t\t\t<\/div>\n\t\t\t\t<\/div>\n\t\t\t\t\t<\/div>\n\t\t<\/div>\n\t\t\t\t\t<\/div>\n\t\t<\/section>\n\t\t\t\t<section class=\"elementor-section elementor-top-section elementor-element elementor-element-6feeacd bubble elementor-section-boxed elementor-section-height-default elementor-section-height-default\" data-id=\"6feeacd\" data-element_type=\"section\" id=\"services-bubble-3\" data-settings=\"{&quot;background_background&quot;:&quot;classic&quot;}\">\n\t\t\t\t\t\t<div class=\"elementor-container elementor-column-gap-default\">\n\t\t\t\t\t<div class=\"elementor-column elementor-col-100 elementor-top-column elementor-element elementor-element-9b816ab\" data-id=\"9b816ab\" data-element_type=\"column\">\n\t\t\t<div class=\"elementor-widget-wrap elementor-element-populated\">\n\t\t\t\t\t\t<div class=\"elementor-element elementor-element-0df085f bubble-wrapper elementor-widget elementor-widget-image\" data-id=\"0df085f\" data-element_type=\"widget\" data-widget_type=\"image.default\">\n\t\t\t\t<div class=\"elementor-widget-container\">\n\t\t\t\t\t\t\t\t\t\t\t\t\t\t\t<img fetchpriority=\"high\" decoding=\"async\" width=\"356\" height=\"356\" src=\"https:\/\/globaltext.se\/wp-content\/uploads\/2019\/07\/bubble.png\" class=\"attachment-medium_large size-medium_large wp-image-461\" alt=\"\" srcset=\"https:\/\/globaltext.se\/wp-content\/uploads\/2019\/07\/bubble.png 356w, https:\/\/globaltext.se\/wp-content\/uploads\/2019\/07\/bubble-150x150.png 150w, https:\/\/globaltext.se\/wp-content\/uploads\/2019\/07\/bubble-300x300.png 300w\" sizes=\"(max-width: 356px) 100vw, 356px\" \/>\t\t\t\t\t\t\t\t\t\t\t\t\t\t\t<\/div>\n\t\t\t\t<\/div>\n\t\t\t\t\t<\/div>\n\t\t<\/div>\n\t\t\t\t\t<\/div>\n\t\t<\/section>\n\t\t\t\t<\/div>\n\t\t","protected":false},"excerpt":{"rendered":"<p>Proofreading We will manage your text and assist with language review and adaptation of your text, based on the context for which it is intended. Our professional reviewers ensure that you receive a flawless text regardless of the chosen language or subject matter. Proofreading It can be extremely advantageous to have a skilled linguist review [&hellip;]<\/p>\n","protected":false},"author":6,"featured_media":0,"parent":267,"menu_order":0,"comment_status":"closed","ping_status":"closed","template":"","meta":{"_acf_changed":false,"inline_featured_image":false,"footnotes":""},"class_list":["post-592","page","type-page","status-publish","hentry"],"acf":[],"yoast_head":"<!-- This site is optimized with the Yoast SEO plugin v22.4 - https:\/\/yoast.com\/wordpress\/plugins\/seo\/ -->\n<title>Proofreading - Global Text<\/title>\n<meta name=\"robots\" content=\"index, follow, max-snippet:-1, max-image-preview:large, max-video-preview:-1\" \/>\n<link rel=\"canonical\" href=\"https:\/\/globaltext.se\/en\/our-services\/proofreading\/\" \/>\n<meta property=\"og:locale\" content=\"en_US\" \/>\n<meta property=\"og:type\" content=\"article\" \/>\n<meta property=\"og:title\" content=\"Proofreading - Global Text\" \/>\n<meta property=\"og:description\" content=\"Proofreading We will manage your text and assist with language review and adaptation of your text, based on the context for which it is intended. Our professional reviewers ensure that you receive a flawless text regardless of the chosen language or subject matter. Proofreading It can be extremely advantageous to have a skilled linguist review [&hellip;]\" \/>\n<meta property=\"og:url\" content=\"https:\/\/globaltext.se\/en\/our-services\/proofreading\/\" \/>\n<meta property=\"og:site_name\" content=\"Global Text\" \/>\n<meta property=\"article:modified_time\" content=\"2019-07-15T13:45:19+00:00\" \/>\n<meta property=\"og:image\" content=\"http:\/\/globaltext.workon.studio\/wp-content\/uploads\/2019\/06\/ourservices_1.svg\" \/>\n<meta name=\"twitter:card\" content=\"summary_large_image\" \/>\n<meta name=\"twitter:label1\" content=\"Est. reading time\" \/>\n\t<meta name=\"twitter:data1\" content=\"1 minute\" \/>\n<script type=\"application\/ld+json\" class=\"yoast-schema-graph\">{\"@context\":\"https:\/\/schema.org\",\"@graph\":[{\"@type\":\"WebPage\",\"@id\":\"https:\/\/globaltext.se\/en\/our-services\/proofreading\/\",\"url\":\"https:\/\/globaltext.se\/en\/our-services\/proofreading\/\",\"name\":\"Proofreading - Global Text\",\"isPartOf\":{\"@id\":\"https:\/\/globaltext.se\/en\/#website\"},\"primaryImageOfPage\":{\"@id\":\"https:\/\/globaltext.se\/en\/our-services\/proofreading\/#primaryimage\"},\"image\":{\"@id\":\"https:\/\/globaltext.se\/en\/our-services\/proofreading\/#primaryimage\"},\"thumbnailUrl\":\"http:\/\/globaltext.workon.studio\/wp-content\/uploads\/2019\/06\/ourservices_1.svg\",\"datePublished\":\"2019-07-10T10:17:37+00:00\",\"dateModified\":\"2019-07-15T13:45:19+00:00\",\"breadcrumb\":{\"@id\":\"https:\/\/globaltext.se\/en\/our-services\/proofreading\/#breadcrumb\"},\"inLanguage\":\"en-US\",\"potentialAction\":[{\"@type\":\"ReadAction\",\"target\":[\"https:\/\/globaltext.se\/en\/our-services\/proofreading\/\"]}]},{\"@type\":\"ImageObject\",\"inLanguage\":\"en-US\",\"@id\":\"https:\/\/globaltext.se\/en\/our-services\/proofreading\/#primaryimage\",\"url\":\"http:\/\/globaltext.workon.studio\/wp-content\/uploads\/2019\/06\/ourservices_1.svg\",\"contentUrl\":\"http:\/\/globaltext.workon.studio\/wp-content\/uploads\/2019\/06\/ourservices_1.svg\"},{\"@type\":\"BreadcrumbList\",\"@id\":\"https:\/\/globaltext.se\/en\/our-services\/proofreading\/#breadcrumb\",\"itemListElement\":[{\"@type\":\"ListItem\",\"position\":1,\"name\":\"Home\",\"item\":\"https:\/\/globaltext.se\/en\/\"},{\"@type\":\"ListItem\",\"position\":2,\"name\":\"Our services\",\"item\":\"https:\/\/globaltext.se\/en\/our-services\/\"},{\"@type\":\"ListItem\",\"position\":3,\"name\":\"Proofreading\"}]},{\"@type\":\"WebSite\",\"@id\":\"https:\/\/globaltext.se\/en\/#website\",\"url\":\"https:\/\/globaltext.se\/en\/\",\"name\":\"Global Text\",\"description\":\"Global Text \u00f6vers\u00e4ttningar: \u00d6vers\u00e4ttningsbyr\u00e5 i Stockholm\",\"potentialAction\":[{\"@type\":\"SearchAction\",\"target\":{\"@type\":\"EntryPoint\",\"urlTemplate\":\"https:\/\/globaltext.se\/en\/?s={search_term_string}\"},\"query-input\":\"required name=search_term_string\"}],\"inLanguage\":\"en-US\"}]}<\/script>\n<!-- \/ Yoast SEO plugin. -->","yoast_head_json":{"title":"Proofreading - Global Text","robots":{"index":"index","follow":"follow","max-snippet":"max-snippet:-1","max-image-preview":"max-image-preview:large","max-video-preview":"max-video-preview:-1"},"canonical":"https:\/\/globaltext.se\/en\/our-services\/proofreading\/","og_locale":"en_US","og_type":"article","og_title":"Proofreading - Global Text","og_description":"Proofreading We will manage your text and assist with language review and adaptation of your text, based on the context for which it is intended. Our professional reviewers ensure that you receive a flawless text regardless of the chosen language or subject matter. Proofreading It can be extremely advantageous to have a skilled linguist review [&hellip;]","og_url":"https:\/\/globaltext.se\/en\/our-services\/proofreading\/","og_site_name":"Global Text","article_modified_time":"2019-07-15T13:45:19+00:00","og_image":[{"url":"http:\/\/globaltext.workon.studio\/wp-content\/uploads\/2019\/06\/ourservices_1.svg"}],"twitter_card":"summary_large_image","twitter_misc":{"Est. reading time":"1 minute"},"schema":{"@context":"https:\/\/schema.org","@graph":[{"@type":"WebPage","@id":"https:\/\/globaltext.se\/en\/our-services\/proofreading\/","url":"https:\/\/globaltext.se\/en\/our-services\/proofreading\/","name":"Proofreading - Global Text","isPartOf":{"@id":"https:\/\/globaltext.se\/en\/#website"},"primaryImageOfPage":{"@id":"https:\/\/globaltext.se\/en\/our-services\/proofreading\/#primaryimage"},"image":{"@id":"https:\/\/globaltext.se\/en\/our-services\/proofreading\/#primaryimage"},"thumbnailUrl":"http:\/\/globaltext.workon.studio\/wp-content\/uploads\/2019\/06\/ourservices_1.svg","datePublished":"2019-07-10T10:17:37+00:00","dateModified":"2019-07-15T13:45:19+00:00","breadcrumb":{"@id":"https:\/\/globaltext.se\/en\/our-services\/proofreading\/#breadcrumb"},"inLanguage":"en-US","potentialAction":[{"@type":"ReadAction","target":["https:\/\/globaltext.se\/en\/our-services\/proofreading\/"]}]},{"@type":"ImageObject","inLanguage":"en-US","@id":"https:\/\/globaltext.se\/en\/our-services\/proofreading\/#primaryimage","url":"http:\/\/globaltext.workon.studio\/wp-content\/uploads\/2019\/06\/ourservices_1.svg","contentUrl":"http:\/\/globaltext.workon.studio\/wp-content\/uploads\/2019\/06\/ourservices_1.svg"},{"@type":"BreadcrumbList","@id":"https:\/\/globaltext.se\/en\/our-services\/proofreading\/#breadcrumb","itemListElement":[{"@type":"ListItem","position":1,"name":"Home","item":"https:\/\/globaltext.se\/en\/"},{"@type":"ListItem","position":2,"name":"Our services","item":"https:\/\/globaltext.se\/en\/our-services\/"},{"@type":"ListItem","position":3,"name":"Proofreading"}]},{"@type":"WebSite","@id":"https:\/\/globaltext.se\/en\/#website","url":"https:\/\/globaltext.se\/en\/","name":"Global Text","description":"Global Text \u00f6vers\u00e4ttningar: \u00d6vers\u00e4ttningsbyr\u00e5 i Stockholm","potentialAction":[{"@type":"SearchAction","target":{"@type":"EntryPoint","urlTemplate":"https:\/\/globaltext.se\/en\/?s={search_term_string}"},"query-input":"required name=search_term_string"}],"inLanguage":"en-US"}]}},"_links":{"self":[{"href":"https:\/\/globaltext.se\/en\/wp-json\/wp\/v2\/pages\/592","targetHints":{"allow":["GET"]}}],"collection":[{"href":"https:\/\/globaltext.se\/en\/wp-json\/wp\/v2\/pages"}],"about":[{"href":"https:\/\/globaltext.se\/en\/wp-json\/wp\/v2\/types\/page"}],"author":[{"embeddable":true,"href":"https:\/\/globaltext.se\/en\/wp-json\/wp\/v2\/users\/6"}],"replies":[{"embeddable":true,"href":"https:\/\/globaltext.se\/en\/wp-json\/wp\/v2\/comments?post=592"}],"version-history":[{"count":0,"href":"https:\/\/globaltext.se\/en\/wp-json\/wp\/v2\/pages\/592\/revisions"}],"up":[{"embeddable":true,"href":"https:\/\/globaltext.se\/en\/wp-json\/wp\/v2\/pages\/267"}],"wp:attachment":[{"href":"https:\/\/globaltext.se\/en\/wp-json\/wp\/v2\/media?parent=592"}],"curies":[{"name":"wp","href":"https:\/\/api.w.org\/{rel}","templated":true}]}}