{"id":588,"date":"2019-07-10T12:10:45","date_gmt":"2019-07-10T10:10:45","guid":{"rendered":"http:\/\/globaltext.workon.studio\/?page_id=588"},"modified":"2019-07-24T11:38:47","modified_gmt":"2019-07-24T09:38:47","slug":"graphic-production-dtp","status":"publish","type":"page","link":"https:\/\/globaltext.se\/en\/our-services\/graphic-production-dtp\/","title":{"rendered":"Graphic Production\/DTP"},"content":{"rendered":"\t\t<div data-elementor-type=\"wp-post\" data-elementor-id=\"588\" class=\"elementor elementor-588\" data-elementor-post-type=\"page\">\n\t\t\t\t\t\t<section class=\"elementor-section elementor-top-section elementor-element elementor-element-2eceec50 elementor-section-boxed elementor-section-height-default elementor-section-height-default\" data-id=\"2eceec50\" data-element_type=\"section\" data-settings=\"{&quot;background_background&quot;:&quot;gradient&quot;}\">\n\t\t\t\t\t\t<div class=\"elementor-container elementor-column-gap-default\">\n\t\t\t\t\t<div class=\"elementor-column elementor-col-100 elementor-top-column elementor-element elementor-element-6f2643ff\" data-id=\"6f2643ff\" data-element_type=\"column\">\n\t\t\t<div class=\"elementor-widget-wrap elementor-element-populated\">\n\t\t\t\t\t\t<div class=\"elementor-element elementor-element-522e3b8b elementor-widget elementor-widget-breadcrumbs\" data-id=\"522e3b8b\" data-element_type=\"widget\" data-widget_type=\"breadcrumbs.default\">\n\t\t\t\t<div class=\"elementor-widget-container\">\n\t\t\t\t\t<p id=\"breadcrumbs\"><span><span><a href=\"https:\/\/globaltext.se\/en\/\">Home<\/a><\/span><\/span><\/p>\t\t\t\t<\/div>\n\t\t\t\t<\/div>\n\t\t\t\t\t<\/div>\n\t\t<\/div>\n\t\t\t\t\t<\/div>\n\t\t<\/section>\n\t\t\t\t<section class=\"elementor-section elementor-top-section elementor-element elementor-element-636116da elementor-section-boxed elementor-section-height-default elementor-section-height-default\" data-id=\"636116da\" data-element_type=\"section\">\n\t\t\t\t\t\t<div class=\"elementor-container elementor-column-gap-default\">\n\t\t\t\t\t<div class=\"elementor-column elementor-col-100 elementor-top-column elementor-element elementor-element-287f9d2a\" data-id=\"287f9d2a\" data-element_type=\"column\">\n\t\t\t<div class=\"elementor-widget-wrap elementor-element-populated\">\n\t\t\t\t\t\t<div class=\"elementor-element elementor-element-42abff6d elementor-widget elementor-widget-heading\" data-id=\"42abff6d\" data-element_type=\"widget\" data-widget_type=\"heading.default\">\n\t\t\t\t<div class=\"elementor-widget-container\">\n\t\t\t\t\t<h2 class=\"elementor-heading-title elementor-size-default\">Graphic Production\/DTP<\/h2>\t\t\t\t<\/div>\n\t\t\t\t<\/div>\n\t\t\t\t<div class=\"elementor-element elementor-element-7b7ea352 elementor-widget elementor-widget-text-editor\" data-id=\"7b7ea352\" data-element_type=\"widget\" data-widget_type=\"text-editor.default\">\n\t\t\t\t<div class=\"elementor-widget-container\">\n\t\t\t\t\t\t\t\t\t<p>A lot of the text we translate is already laid out in graphic design programs like InDesign. <br \/>It could be manuals, brochures, reports or other graphic design files.<\/p>\t\t\t\t\t\t\t\t<\/div>\n\t\t\t\t<\/div>\n\t\t\t\t\t<\/div>\n\t\t<\/div>\n\t\t\t\t\t<\/div>\n\t\t<\/section>\n\t\t\t\t<section class=\"elementor-section elementor-top-section elementor-element elementor-element-68af7abc elementor-section-boxed elementor-section-height-default elementor-section-height-default\" data-id=\"68af7abc\" data-element_type=\"section\">\n\t\t\t\t\t\t<div class=\"elementor-container elementor-column-gap-default\">\n\t\t\t\t\t<div class=\"elementor-column elementor-col-50 elementor-top-column elementor-element elementor-element-6215b98a\" data-id=\"6215b98a\" data-element_type=\"column\">\n\t\t\t<div class=\"elementor-widget-wrap elementor-element-populated\">\n\t\t\t\t\t\t<div class=\"elementor-element elementor-element-1d1c4176 elementor-widget elementor-widget-heading\" data-id=\"1d1c4176\" data-element_type=\"widget\" data-widget_type=\"heading.default\">\n\t\t\t\t<div class=\"elementor-widget-container\">\n\t\t\t\t\t<h3 class=\"elementor-heading-title elementor-size-default\">Graphic Production\/DTP<\/h3>\t\t\t\t<\/div>\n\t\t\t\t<\/div>\n\t\t\t\t<div class=\"elementor-element elementor-element-1ecbbd5f elementor-widget elementor-widget-text-editor\" data-id=\"1ecbbd5f\" data-element_type=\"widget\" data-widget_type=\"text-editor.default\">\n\t\t\t\t<div class=\"elementor-widget-container\">\n\t\t\t\t\t\t\t\t\t<p>Using our tools, we can deliver cost-effective solutions that not only save money, but also save time when it comes to graphic design work. Your personal team will consist of a project manager, a translator and a graphic designer that will assist you throughout the whole localisation process, from translation to layout. Let us manage the entire process and our graphic designers will ensure that the end result is just as impressive as the original document.<\/p>\t\t\t\t\t\t\t\t<\/div>\n\t\t\t\t<\/div>\n\t\t\t\t<div class=\"elementor-element elementor-element-fa2f37b elementor-widget elementor-widget-text-editor\" data-id=\"fa2f37b\" data-element_type=\"widget\" data-widget_type=\"text-editor.default\">\n\t\t\t\t<div class=\"elementor-widget-container\">\n\t\t\t\t\t\t\t\t\t<p>We work with most formats, for example InDesign, PageMaker and QuarkXpress.<\/p>\t\t\t\t\t\t\t\t<\/div>\n\t\t\t\t<\/div>\n\t\t\t\t\t<\/div>\n\t\t<\/div>\n\t\t\t\t<div class=\"elementor-column elementor-col-50 elementor-top-column elementor-element elementor-element-76eea33f\" data-id=\"76eea33f\" data-element_type=\"column\">\n\t\t\t<div class=\"elementor-widget-wrap elementor-element-populated\">\n\t\t\t\t\t\t<div class=\"elementor-element elementor-element-60ef9341 elementor-widget elementor-widget-heading\" data-id=\"60ef9341\" data-element_type=\"widget\" data-widget_type=\"heading.default\">\n\t\t\t\t<div class=\"elementor-widget-container\">\n\t\t\t\t\t<h5 class=\"elementor-heading-title elementor-size-default\">The solutions we can offer include:<\/h5>\t\t\t\t<\/div>\n\t\t\t\t<\/div>\n\t\t\t\t<div class=\"elementor-element elementor-element-67e94b80 elementor-widget elementor-widget-text-editor\" data-id=\"67e94b80\" data-element_type=\"widget\" data-widget_type=\"text-editor.default\">\n\t\t\t\t<div class=\"elementor-widget-container\">\n\t\t\t\t\t\t\t\t\t<ul><li>Translation of the export files from your layout program<\/li><li>Management of the whole process \u2013 from translation to layout<\/li><li>We facilitate the process<\/li><li>We provide cost-effective management<\/li><li>We save you time, which allows faster delivery<\/li><\/ul>\t\t\t\t\t\t\t\t<\/div>\n\t\t\t\t<\/div>\n\t\t\t\t<div class=\"elementor-element elementor-element-2fade7b2 elementor-widget elementor-widget-image\" data-id=\"2fade7b2\" data-element_type=\"widget\" data-widget_type=\"image.default\">\n\t\t\t\t<div class=\"elementor-widget-container\">\n\t\t\t\t\t\t\t\t\t\t\t\t\t\t\t<img decoding=\"async\" width=\"1\" height=\"1\" src=\"https:\/\/globaltext.se\/wp-content\/uploads\/2019\/06\/ourservices_1.svg\" class=\"attachment-thumbnail size-thumbnail wp-image-282\" alt=\"\" \/>\t\t\t\t\t\t\t\t\t\t\t\t\t\t\t<\/div>\n\t\t\t\t<\/div>\n\t\t\t\t\t<\/div>\n\t\t<\/div>\n\t\t\t\t\t<\/div>\n\t\t<\/section>\n\t\t\t\t<section class=\"elementor-section elementor-top-section elementor-element elementor-element-4ba126a1 bubble elementor-section-boxed elementor-section-height-default elementor-section-height-default\" data-id=\"4ba126a1\" data-element_type=\"section\" id=\"services-bubble-1\" data-settings=\"{&quot;background_background&quot;:&quot;classic&quot;}\">\n\t\t\t\t\t\t<div class=\"elementor-container elementor-column-gap-default\">\n\t\t\t\t\t<div class=\"elementor-column elementor-col-100 elementor-top-column elementor-element elementor-element-7683ee01\" data-id=\"7683ee01\" data-element_type=\"column\">\n\t\t\t<div class=\"elementor-widget-wrap elementor-element-populated\">\n\t\t\t\t\t\t<div class=\"elementor-element elementor-element-3ecfe6a3 bubble-wrapper elementor-widget elementor-widget-image\" data-id=\"3ecfe6a3\" data-element_type=\"widget\" data-widget_type=\"image.default\">\n\t\t\t\t<div class=\"elementor-widget-container\">\n\t\t\t\t\t\t\t\t\t\t\t\t\t\t\t<img fetchpriority=\"high\" decoding=\"async\" width=\"356\" height=\"356\" src=\"https:\/\/globaltext.se\/wp-content\/uploads\/2019\/07\/bubble.png\" class=\"attachment-medium_large size-medium_large wp-image-461\" alt=\"\" srcset=\"https:\/\/globaltext.se\/wp-content\/uploads\/2019\/07\/bubble.png 356w, https:\/\/globaltext.se\/wp-content\/uploads\/2019\/07\/bubble-150x150.png 150w, https:\/\/globaltext.se\/wp-content\/uploads\/2019\/07\/bubble-300x300.png 300w\" sizes=\"(max-width: 356px) 100vw, 356px\" \/>\t\t\t\t\t\t\t\t\t\t\t\t\t\t\t<\/div>\n\t\t\t\t<\/div>\n\t\t\t\t\t<\/div>\n\t\t<\/div>\n\t\t\t\t\t<\/div>\n\t\t<\/section>\n\t\t\t\t<section class=\"elementor-section elementor-top-section elementor-element elementor-element-8fdfef9 bubble elementor-section-boxed elementor-section-height-default elementor-section-height-default\" data-id=\"8fdfef9\" data-element_type=\"section\" id=\"services-bubble-2\" data-settings=\"{&quot;background_background&quot;:&quot;classic&quot;}\">\n\t\t\t\t\t\t<div class=\"elementor-container elementor-column-gap-default\">\n\t\t\t\t\t<div class=\"elementor-column elementor-col-100 elementor-top-column elementor-element elementor-element-fc08420\" data-id=\"fc08420\" data-element_type=\"column\">\n\t\t\t<div class=\"elementor-widget-wrap elementor-element-populated\">\n\t\t\t\t\t\t<div class=\"elementor-element elementor-element-075b02e bubble-wrapper elementor-widget elementor-widget-image\" data-id=\"075b02e\" data-element_type=\"widget\" data-widget_type=\"image.default\">\n\t\t\t\t<div class=\"elementor-widget-container\">\n\t\t\t\t\t\t\t\t\t\t\t\t\t\t\t<img fetchpriority=\"high\" decoding=\"async\" width=\"356\" height=\"356\" src=\"https:\/\/globaltext.se\/wp-content\/uploads\/2019\/07\/bubble.png\" class=\"attachment-medium_large size-medium_large wp-image-461\" alt=\"\" srcset=\"https:\/\/globaltext.se\/wp-content\/uploads\/2019\/07\/bubble.png 356w, https:\/\/globaltext.se\/wp-content\/uploads\/2019\/07\/bubble-150x150.png 150w, https:\/\/globaltext.se\/wp-content\/uploads\/2019\/07\/bubble-300x300.png 300w\" sizes=\"(max-width: 356px) 100vw, 356px\" \/>\t\t\t\t\t\t\t\t\t\t\t\t\t\t\t<\/div>\n\t\t\t\t<\/div>\n\t\t\t\t\t<\/div>\n\t\t<\/div>\n\t\t\t\t\t<\/div>\n\t\t<\/section>\n\t\t\t\t<section class=\"elementor-section elementor-top-section elementor-element elementor-element-7c867a8 bubble elementor-section-boxed elementor-section-height-default elementor-section-height-default\" data-id=\"7c867a8\" data-element_type=\"section\" id=\"services-bubble-3\" data-settings=\"{&quot;background_background&quot;:&quot;classic&quot;}\">\n\t\t\t\t\t\t<div class=\"elementor-container elementor-column-gap-default\">\n\t\t\t\t\t<div class=\"elementor-column elementor-col-100 elementor-top-column elementor-element elementor-element-422f9c0\" data-id=\"422f9c0\" data-element_type=\"column\">\n\t\t\t<div class=\"elementor-widget-wrap elementor-element-populated\">\n\t\t\t\t\t\t<div class=\"elementor-element elementor-element-46919af bubble-wrapper elementor-widget elementor-widget-image\" data-id=\"46919af\" data-element_type=\"widget\" data-widget_type=\"image.default\">\n\t\t\t\t<div class=\"elementor-widget-container\">\n\t\t\t\t\t\t\t\t\t\t\t\t\t\t\t<img fetchpriority=\"high\" decoding=\"async\" width=\"356\" height=\"356\" src=\"https:\/\/globaltext.se\/wp-content\/uploads\/2019\/07\/bubble.png\" class=\"attachment-medium_large size-medium_large wp-image-461\" alt=\"\" srcset=\"https:\/\/globaltext.se\/wp-content\/uploads\/2019\/07\/bubble.png 356w, https:\/\/globaltext.se\/wp-content\/uploads\/2019\/07\/bubble-150x150.png 150w, https:\/\/globaltext.se\/wp-content\/uploads\/2019\/07\/bubble-300x300.png 300w\" sizes=\"(max-width: 356px) 100vw, 356px\" \/>\t\t\t\t\t\t\t\t\t\t\t\t\t\t\t<\/div>\n\t\t\t\t<\/div>\n\t\t\t\t\t<\/div>\n\t\t<\/div>\n\t\t\t\t\t<\/div>\n\t\t<\/section>\n\t\t\t\t<\/div>\n\t\t","protected":false},"excerpt":{"rendered":"<p>Graphic Production\/DTP A lot of the text we translate is already laid out in graphic design programs like InDesign. It could be manuals, brochures, reports or other graphic design files. Graphic Production\/DTP Using our tools, we can deliver cost-effective solutions that not only save money, but also save time when it comes to graphic design [&hellip;]<\/p>\n","protected":false},"author":6,"featured_media":0,"parent":267,"menu_order":0,"comment_status":"closed","ping_status":"closed","template":"","meta":{"_acf_changed":false,"inline_featured_image":false,"footnotes":""},"class_list":["post-588","page","type-page","status-publish","hentry"],"acf":[],"yoast_head":"<!-- This site is optimized with the Yoast SEO plugin v22.4 - https:\/\/yoast.com\/wordpress\/plugins\/seo\/ -->\n<title>Graphic Production\/DTP - Global Text<\/title>\n<meta name=\"robots\" content=\"index, follow, max-snippet:-1, max-image-preview:large, max-video-preview:-1\" \/>\n<link rel=\"canonical\" href=\"https:\/\/globaltext.se\/en\/our-services\/graphic-production-dtp\/\" \/>\n<meta property=\"og:locale\" content=\"en_US\" \/>\n<meta property=\"og:type\" content=\"article\" \/>\n<meta property=\"og:title\" content=\"Graphic Production\/DTP - Global Text\" \/>\n<meta property=\"og:description\" content=\"Graphic Production\/DTP A lot of the text we translate is already laid out in graphic design programs like InDesign. It could be manuals, brochures, reports or other graphic design files. Graphic Production\/DTP Using our tools, we can deliver cost-effective solutions that not only save money, but also save time when it comes to graphic design [&hellip;]\" \/>\n<meta property=\"og:url\" content=\"https:\/\/globaltext.se\/en\/our-services\/graphic-production-dtp\/\" \/>\n<meta property=\"og:site_name\" content=\"Global Text\" \/>\n<meta property=\"article:modified_time\" content=\"2019-07-24T09:38:47+00:00\" \/>\n<meta property=\"og:image\" content=\"http:\/\/globaltext.workon.studio\/wp-content\/uploads\/2019\/06\/ourservices_1.svg\" \/>\n<meta name=\"twitter:card\" content=\"summary_large_image\" \/>\n<meta name=\"twitter:label1\" content=\"Est. reading time\" \/>\n\t<meta name=\"twitter:data1\" content=\"1 minute\" \/>\n<script type=\"application\/ld+json\" class=\"yoast-schema-graph\">{\"@context\":\"https:\/\/schema.org\",\"@graph\":[{\"@type\":\"WebPage\",\"@id\":\"https:\/\/globaltext.se\/en\/our-services\/graphic-production-dtp\/\",\"url\":\"https:\/\/globaltext.se\/en\/our-services\/graphic-production-dtp\/\",\"name\":\"Graphic Production\/DTP - Global Text\",\"isPartOf\":{\"@id\":\"https:\/\/globaltext.se\/en\/#website\"},\"primaryImageOfPage\":{\"@id\":\"https:\/\/globaltext.se\/en\/our-services\/graphic-production-dtp\/#primaryimage\"},\"image\":{\"@id\":\"https:\/\/globaltext.se\/en\/our-services\/graphic-production-dtp\/#primaryimage\"},\"thumbnailUrl\":\"http:\/\/globaltext.workon.studio\/wp-content\/uploads\/2019\/06\/ourservices_1.svg\",\"datePublished\":\"2019-07-10T10:10:45+00:00\",\"dateModified\":\"2019-07-24T09:38:47+00:00\",\"breadcrumb\":{\"@id\":\"https:\/\/globaltext.se\/en\/our-services\/graphic-production-dtp\/#breadcrumb\"},\"inLanguage\":\"en-US\",\"potentialAction\":[{\"@type\":\"ReadAction\",\"target\":[\"https:\/\/globaltext.se\/en\/our-services\/graphic-production-dtp\/\"]}]},{\"@type\":\"ImageObject\",\"inLanguage\":\"en-US\",\"@id\":\"https:\/\/globaltext.se\/en\/our-services\/graphic-production-dtp\/#primaryimage\",\"url\":\"http:\/\/globaltext.workon.studio\/wp-content\/uploads\/2019\/06\/ourservices_1.svg\",\"contentUrl\":\"http:\/\/globaltext.workon.studio\/wp-content\/uploads\/2019\/06\/ourservices_1.svg\"},{\"@type\":\"BreadcrumbList\",\"@id\":\"https:\/\/globaltext.se\/en\/our-services\/graphic-production-dtp\/#breadcrumb\",\"itemListElement\":[{\"@type\":\"ListItem\",\"position\":1,\"name\":\"Home\",\"item\":\"https:\/\/globaltext.se\/en\/\"},{\"@type\":\"ListItem\",\"position\":2,\"name\":\"Our services\",\"item\":\"https:\/\/globaltext.se\/en\/our-services\/\"},{\"@type\":\"ListItem\",\"position\":3,\"name\":\"Graphic Production\/DTP\"}]},{\"@type\":\"WebSite\",\"@id\":\"https:\/\/globaltext.se\/en\/#website\",\"url\":\"https:\/\/globaltext.se\/en\/\",\"name\":\"Global Text\",\"description\":\"Global Text \u00f6vers\u00e4ttningar: \u00d6vers\u00e4ttningsbyr\u00e5 i Stockholm\",\"potentialAction\":[{\"@type\":\"SearchAction\",\"target\":{\"@type\":\"EntryPoint\",\"urlTemplate\":\"https:\/\/globaltext.se\/en\/?s={search_term_string}\"},\"query-input\":\"required name=search_term_string\"}],\"inLanguage\":\"en-US\"}]}<\/script>\n<!-- \/ Yoast SEO plugin. -->","yoast_head_json":{"title":"Graphic Production\/DTP - Global Text","robots":{"index":"index","follow":"follow","max-snippet":"max-snippet:-1","max-image-preview":"max-image-preview:large","max-video-preview":"max-video-preview:-1"},"canonical":"https:\/\/globaltext.se\/en\/our-services\/graphic-production-dtp\/","og_locale":"en_US","og_type":"article","og_title":"Graphic Production\/DTP - Global Text","og_description":"Graphic Production\/DTP A lot of the text we translate is already laid out in graphic design programs like InDesign. It could be manuals, brochures, reports or other graphic design files. Graphic Production\/DTP Using our tools, we can deliver cost-effective solutions that not only save money, but also save time when it comes to graphic design [&hellip;]","og_url":"https:\/\/globaltext.se\/en\/our-services\/graphic-production-dtp\/","og_site_name":"Global Text","article_modified_time":"2019-07-24T09:38:47+00:00","og_image":[{"url":"http:\/\/globaltext.workon.studio\/wp-content\/uploads\/2019\/06\/ourservices_1.svg"}],"twitter_card":"summary_large_image","twitter_misc":{"Est. reading time":"1 minute"},"schema":{"@context":"https:\/\/schema.org","@graph":[{"@type":"WebPage","@id":"https:\/\/globaltext.se\/en\/our-services\/graphic-production-dtp\/","url":"https:\/\/globaltext.se\/en\/our-services\/graphic-production-dtp\/","name":"Graphic Production\/DTP - Global Text","isPartOf":{"@id":"https:\/\/globaltext.se\/en\/#website"},"primaryImageOfPage":{"@id":"https:\/\/globaltext.se\/en\/our-services\/graphic-production-dtp\/#primaryimage"},"image":{"@id":"https:\/\/globaltext.se\/en\/our-services\/graphic-production-dtp\/#primaryimage"},"thumbnailUrl":"http:\/\/globaltext.workon.studio\/wp-content\/uploads\/2019\/06\/ourservices_1.svg","datePublished":"2019-07-10T10:10:45+00:00","dateModified":"2019-07-24T09:38:47+00:00","breadcrumb":{"@id":"https:\/\/globaltext.se\/en\/our-services\/graphic-production-dtp\/#breadcrumb"},"inLanguage":"en-US","potentialAction":[{"@type":"ReadAction","target":["https:\/\/globaltext.se\/en\/our-services\/graphic-production-dtp\/"]}]},{"@type":"ImageObject","inLanguage":"en-US","@id":"https:\/\/globaltext.se\/en\/our-services\/graphic-production-dtp\/#primaryimage","url":"http:\/\/globaltext.workon.studio\/wp-content\/uploads\/2019\/06\/ourservices_1.svg","contentUrl":"http:\/\/globaltext.workon.studio\/wp-content\/uploads\/2019\/06\/ourservices_1.svg"},{"@type":"BreadcrumbList","@id":"https:\/\/globaltext.se\/en\/our-services\/graphic-production-dtp\/#breadcrumb","itemListElement":[{"@type":"ListItem","position":1,"name":"Home","item":"https:\/\/globaltext.se\/en\/"},{"@type":"ListItem","position":2,"name":"Our services","item":"https:\/\/globaltext.se\/en\/our-services\/"},{"@type":"ListItem","position":3,"name":"Graphic Production\/DTP"}]},{"@type":"WebSite","@id":"https:\/\/globaltext.se\/en\/#website","url":"https:\/\/globaltext.se\/en\/","name":"Global Text","description":"Global Text \u00f6vers\u00e4ttningar: \u00d6vers\u00e4ttningsbyr\u00e5 i Stockholm","potentialAction":[{"@type":"SearchAction","target":{"@type":"EntryPoint","urlTemplate":"https:\/\/globaltext.se\/en\/?s={search_term_string}"},"query-input":"required name=search_term_string"}],"inLanguage":"en-US"}]}},"_links":{"self":[{"href":"https:\/\/globaltext.se\/en\/wp-json\/wp\/v2\/pages\/588","targetHints":{"allow":["GET"]}}],"collection":[{"href":"https:\/\/globaltext.se\/en\/wp-json\/wp\/v2\/pages"}],"about":[{"href":"https:\/\/globaltext.se\/en\/wp-json\/wp\/v2\/types\/page"}],"author":[{"embeddable":true,"href":"https:\/\/globaltext.se\/en\/wp-json\/wp\/v2\/users\/6"}],"replies":[{"embeddable":true,"href":"https:\/\/globaltext.se\/en\/wp-json\/wp\/v2\/comments?post=588"}],"version-history":[{"count":0,"href":"https:\/\/globaltext.se\/en\/wp-json\/wp\/v2\/pages\/588\/revisions"}],"up":[{"embeddable":true,"href":"https:\/\/globaltext.se\/en\/wp-json\/wp\/v2\/pages\/267"}],"wp:attachment":[{"href":"https:\/\/globaltext.se\/en\/wp-json\/wp\/v2\/media?parent=588"}],"curies":[{"name":"wp","href":"https:\/\/api.w.org\/{rel}","templated":true}]}}