{"id":578,"date":"2019-07-10T11:10:40","date_gmt":"2019-07-10T09:10:40","guid":{"rendered":"http:\/\/globaltext.workon.studio\/?page_id=578"},"modified":"2019-08-02T11:29:45","modified_gmt":"2019-08-02T09:29:45","slug":"project-management","status":"publish","type":"page","link":"https:\/\/globaltext.se\/en\/our-services\/project-management\/","title":{"rendered":"Project management"},"content":{"rendered":"\t\t<div data-elementor-type=\"wp-post\" data-elementor-id=\"578\" class=\"elementor elementor-578\" data-elementor-post-type=\"page\">\n\t\t\t\t\t\t<section class=\"elementor-section elementor-top-section elementor-element elementor-element-b32be40 elementor-section-boxed elementor-section-height-default elementor-section-height-default\" data-id=\"b32be40\" data-element_type=\"section\" data-settings=\"{&quot;background_background&quot;:&quot;gradient&quot;}\">\n\t\t\t\t\t\t<div class=\"elementor-container elementor-column-gap-default\">\n\t\t\t\t\t<div class=\"elementor-column elementor-col-100 elementor-top-column elementor-element elementor-element-75ceb499\" data-id=\"75ceb499\" data-element_type=\"column\">\n\t\t\t<div class=\"elementor-widget-wrap\">\n\t\t\t\t\t\t\t<\/div>\n\t\t<\/div>\n\t\t\t\t\t<\/div>\n\t\t<\/section>\n\t\t\t\t<section class=\"elementor-section elementor-top-section elementor-element elementor-element-35bb8751 elementor-section-boxed elementor-section-height-default elementor-section-height-default\" data-id=\"35bb8751\" data-element_type=\"section\">\n\t\t\t\t\t\t<div class=\"elementor-container elementor-column-gap-default\">\n\t\t\t\t\t<div class=\"elementor-column elementor-col-100 elementor-top-column elementor-element elementor-element-23cc0a3b\" data-id=\"23cc0a3b\" data-element_type=\"column\">\n\t\t\t<div class=\"elementor-widget-wrap elementor-element-populated\">\n\t\t\t\t\t\t<div class=\"elementor-element elementor-element-3015a2f5 elementor-widget elementor-widget-heading\" data-id=\"3015a2f5\" data-element_type=\"widget\" data-widget_type=\"heading.default\">\n\t\t\t\t<div class=\"elementor-widget-container\">\n\t\t\t\t\t<h2 class=\"elementor-heading-title elementor-size-default\">Get your own dedicated project manager<\/h2>\t\t\t\t<\/div>\n\t\t\t\t<\/div>\n\t\t\t\t<div class=\"elementor-element elementor-element-321d246a elementor-widget elementor-widget-text-editor\" data-id=\"321d246a\" data-element_type=\"widget\" data-widget_type=\"text-editor.default\">\n\t\t\t\t<div class=\"elementor-widget-container\">\n\t\t\t\t\t\t\t\t\t<p>Our project managers have one of the most important roles in the translation process. With a strong customer focus, they find the right translator for the assignment, coordinate the work and ensure that an accurate translation is delivered. This proactive project approach helps us, our translators and most importantly, our customers.<\/p>\t\t\t\t\t\t\t\t<\/div>\n\t\t\t\t<\/div>\n\t\t\t\t\t<\/div>\n\t\t<\/div>\n\t\t\t\t\t<\/div>\n\t\t<\/section>\n\t\t\t\t<section class=\"elementor-section elementor-top-section elementor-element elementor-element-5eaaf190 elementor-section-boxed elementor-section-height-default elementor-section-height-default\" data-id=\"5eaaf190\" data-element_type=\"section\">\n\t\t\t\t\t\t<div class=\"elementor-container elementor-column-gap-default\">\n\t\t\t\t\t<div class=\"elementor-column elementor-col-50 elementor-top-column elementor-element elementor-element-1eb30210\" data-id=\"1eb30210\" data-element_type=\"column\">\n\t\t\t<div class=\"elementor-widget-wrap elementor-element-populated\">\n\t\t\t\t\t\t<div class=\"elementor-element elementor-element-1e0a6d6a elementor-widget elementor-widget-heading\" data-id=\"1e0a6d6a\" data-element_type=\"widget\" data-widget_type=\"heading.default\">\n\t\t\t\t<div class=\"elementor-widget-container\">\n\t\t\t\t\t<h3 class=\"elementor-heading-title elementor-size-default\">Project Management<\/h3>\t\t\t\t<\/div>\n\t\t\t\t<\/div>\n\t\t\t\t<div class=\"elementor-element elementor-element-a59d9d2 elementor-widget elementor-widget-text-editor\" data-id=\"a59d9d2\" data-element_type=\"widget\" data-widget_type=\"text-editor.default\">\n\t\t\t\t<div class=\"elementor-widget-container\">\n\t\t\t\t\t\t\t\t\t<p>Our project managers have one of the most critical roles in the localisation process. They are driven by a strong customer focus and strive to select the right translator, plan the project and deliver an accurate translation that is faithful to the original text. Proactive project management benefits both us as a company and our translators \u2013 but especially our customers.<\/p>\t\t\t\t\t\t\t\t<\/div>\n\t\t\t\t<\/div>\n\t\t\t\t<div class=\"elementor-element elementor-element-16dff4a0 elementor-widget elementor-widget-heading\" data-id=\"16dff4a0\" data-element_type=\"widget\" data-widget_type=\"heading.default\">\n\t\t\t\t<div class=\"elementor-widget-container\">\n\t\t\t\t\t<h3 class=\"elementor-heading-title elementor-size-default\">Experience<\/h3>\t\t\t\t<\/div>\n\t\t\t\t<\/div>\n\t\t\t\t<div class=\"elementor-element elementor-element-6bda0584 elementor-widget elementor-widget-text-editor\" data-id=\"6bda0584\" data-element_type=\"widget\" data-widget_type=\"text-editor.default\">\n\t\t\t\t<div class=\"elementor-widget-container\">\n\t\t\t\t\t\t\t\t\t<p>The majority of our project managers are not only multi-lingual, but have exceptional linguistic expertise and are passionate about language. All of Global Text\u2019s project managers have many years of experience within the industry and within project management.<\/p>\t\t\t\t\t\t\t\t<\/div>\n\t\t\t\t<\/div>\n\t\t\t\t\t<\/div>\n\t\t<\/div>\n\t\t\t\t<div class=\"elementor-column elementor-col-50 elementor-top-column elementor-element elementor-element-4d4751df\" data-id=\"4d4751df\" data-element_type=\"column\">\n\t\t\t<div class=\"elementor-widget-wrap elementor-element-populated\">\n\t\t\t\t\t\t<div class=\"elementor-element elementor-element-5c9cc575 elementor-widget elementor-widget-heading\" data-id=\"5c9cc575\" data-element_type=\"widget\" data-widget_type=\"heading.default\">\n\t\t\t\t<div class=\"elementor-widget-container\">\n\t\t\t\t\t<h5 class=\"elementor-heading-title elementor-size-default\">The project manager\u2019s roll is to<\/h5>\t\t\t\t<\/div>\n\t\t\t\t<\/div>\n\t\t\t\t<div class=\"elementor-element elementor-element-1e507e5d elementor-widget elementor-widget-text-editor\" data-id=\"1e507e5d\" data-element_type=\"widget\" data-widget_type=\"text-editor.default\">\n\t\t\t\t<div class=\"elementor-widget-container\">\n\t\t\t\t\t\t\t\t\t<ul><li>Compile information about the target audience for whom the text is intended<\/li><li>Plan and coordinate the project<\/li><li>Appoint the most suitable translator<\/li><li>Work proactively<\/li><li>Ensure that the end-result conforms with the customer\u2019s expectations<\/li><\/ul>\t\t\t\t\t\t\t\t<\/div>\n\t\t\t\t<\/div>\n\t\t\t\t<div class=\"elementor-element elementor-element-68f8d1c8 elementor-widget elementor-widget-image\" data-id=\"68f8d1c8\" data-element_type=\"widget\" data-widget_type=\"image.default\">\n\t\t\t\t<div class=\"elementor-widget-container\">\n\t\t\t\t\t\t\t\t\t\t\t\t\t\t\t<img decoding=\"async\" width=\"1\" height=\"1\" src=\"https:\/\/globaltext.se\/wp-content\/uploads\/2019\/06\/ourservices_1.svg\" class=\"attachment-thumbnail size-thumbnail wp-image-282\" alt=\"\" \/>\t\t\t\t\t\t\t\t\t\t\t\t\t\t\t<\/div>\n\t\t\t\t<\/div>\n\t\t\t\t\t<\/div>\n\t\t<\/div>\n\t\t\t\t\t<\/div>\n\t\t<\/section>\n\t\t\t\t<section class=\"elementor-section elementor-top-section elementor-element elementor-element-1aa99809 bubble elementor-section-boxed elementor-section-height-default elementor-section-height-default\" data-id=\"1aa99809\" data-element_type=\"section\" id=\"services-bubble-1\" data-settings=\"{&quot;background_background&quot;:&quot;classic&quot;}\">\n\t\t\t\t\t\t<div class=\"elementor-container elementor-column-gap-default\">\n\t\t\t\t\t<div class=\"elementor-column elementor-col-100 elementor-top-column elementor-element elementor-element-39b8ac17\" data-id=\"39b8ac17\" data-element_type=\"column\">\n\t\t\t<div class=\"elementor-widget-wrap elementor-element-populated\">\n\t\t\t\t\t\t<div class=\"elementor-element elementor-element-695dbf2a bubble-wrapper elementor-widget elementor-widget-image\" data-id=\"695dbf2a\" data-element_type=\"widget\" data-widget_type=\"image.default\">\n\t\t\t\t<div class=\"elementor-widget-container\">\n\t\t\t\t\t\t\t\t\t\t\t\t\t\t\t<img fetchpriority=\"high\" decoding=\"async\" width=\"356\" height=\"356\" src=\"https:\/\/globaltext.se\/wp-content\/uploads\/2019\/07\/bubble.png\" class=\"attachment-medium_large size-medium_large wp-image-461\" alt=\"\" srcset=\"https:\/\/globaltext.se\/wp-content\/uploads\/2019\/07\/bubble.png 356w, https:\/\/globaltext.se\/wp-content\/uploads\/2019\/07\/bubble-150x150.png 150w, https:\/\/globaltext.se\/wp-content\/uploads\/2019\/07\/bubble-300x300.png 300w\" sizes=\"(max-width: 356px) 100vw, 356px\" \/>\t\t\t\t\t\t\t\t\t\t\t\t\t\t\t<\/div>\n\t\t\t\t<\/div>\n\t\t\t\t\t<\/div>\n\t\t<\/div>\n\t\t\t\t\t<\/div>\n\t\t<\/section>\n\t\t\t\t<section class=\"elementor-section elementor-top-section elementor-element elementor-element-d4f60aa bubble elementor-section-boxed elementor-section-height-default elementor-section-height-default\" data-id=\"d4f60aa\" data-element_type=\"section\" id=\"services-bubble-2\" data-settings=\"{&quot;background_background&quot;:&quot;classic&quot;}\">\n\t\t\t\t\t\t<div class=\"elementor-container elementor-column-gap-default\">\n\t\t\t\t\t<div class=\"elementor-column elementor-col-100 elementor-top-column elementor-element elementor-element-ef3b590\" data-id=\"ef3b590\" data-element_type=\"column\">\n\t\t\t<div class=\"elementor-widget-wrap elementor-element-populated\">\n\t\t\t\t\t\t<div class=\"elementor-element elementor-element-c34023f bubble-wrapper elementor-widget elementor-widget-image\" data-id=\"c34023f\" data-element_type=\"widget\" data-widget_type=\"image.default\">\n\t\t\t\t<div class=\"elementor-widget-container\">\n\t\t\t\t\t\t\t\t\t\t\t\t\t\t\t<img fetchpriority=\"high\" decoding=\"async\" width=\"356\" height=\"356\" src=\"https:\/\/globaltext.se\/wp-content\/uploads\/2019\/07\/bubble.png\" class=\"attachment-medium_large size-medium_large wp-image-461\" alt=\"\" srcset=\"https:\/\/globaltext.se\/wp-content\/uploads\/2019\/07\/bubble.png 356w, https:\/\/globaltext.se\/wp-content\/uploads\/2019\/07\/bubble-150x150.png 150w, https:\/\/globaltext.se\/wp-content\/uploads\/2019\/07\/bubble-300x300.png 300w\" sizes=\"(max-width: 356px) 100vw, 356px\" \/>\t\t\t\t\t\t\t\t\t\t\t\t\t\t\t<\/div>\n\t\t\t\t<\/div>\n\t\t\t\t\t<\/div>\n\t\t<\/div>\n\t\t\t\t\t<\/div>\n\t\t<\/section>\n\t\t\t\t<section class=\"elementor-section elementor-top-section elementor-element elementor-element-a72f182 bubble elementor-section-boxed elementor-section-height-default elementor-section-height-default\" data-id=\"a72f182\" data-element_type=\"section\" id=\"services-bubble-3\" data-settings=\"{&quot;background_background&quot;:&quot;classic&quot;}\">\n\t\t\t\t\t\t<div class=\"elementor-container elementor-column-gap-default\">\n\t\t\t\t\t<div class=\"elementor-column elementor-col-100 elementor-top-column elementor-element elementor-element-88e184b\" data-id=\"88e184b\" data-element_type=\"column\">\n\t\t\t<div class=\"elementor-widget-wrap elementor-element-populated\">\n\t\t\t\t\t\t<div class=\"elementor-element elementor-element-2afcfa0 bubble-wrapper elementor-widget elementor-widget-image\" data-id=\"2afcfa0\" data-element_type=\"widget\" data-widget_type=\"image.default\">\n\t\t\t\t<div class=\"elementor-widget-container\">\n\t\t\t\t\t\t\t\t\t\t\t\t\t\t\t<img fetchpriority=\"high\" decoding=\"async\" width=\"356\" height=\"356\" src=\"https:\/\/globaltext.se\/wp-content\/uploads\/2019\/07\/bubble.png\" class=\"attachment-medium_large size-medium_large wp-image-461\" alt=\"\" srcset=\"https:\/\/globaltext.se\/wp-content\/uploads\/2019\/07\/bubble.png 356w, https:\/\/globaltext.se\/wp-content\/uploads\/2019\/07\/bubble-150x150.png 150w, https:\/\/globaltext.se\/wp-content\/uploads\/2019\/07\/bubble-300x300.png 300w\" sizes=\"(max-width: 356px) 100vw, 356px\" \/>\t\t\t\t\t\t\t\t\t\t\t\t\t\t\t<\/div>\n\t\t\t\t<\/div>\n\t\t\t\t\t<\/div>\n\t\t<\/div>\n\t\t\t\t\t<\/div>\n\t\t<\/section>\n\t\t\t\t<\/div>\n\t\t","protected":false},"excerpt":{"rendered":"<p>Get your own dedicated project manager Our project managers have one of the most important roles in the translation process. With a strong customer focus, they find the right translator for the assignment, coordinate the work and ensure that an accurate translation is delivered. This proactive project approach helps us, our translators and most importantly, [&hellip;]<\/p>\n","protected":false},"author":6,"featured_media":0,"parent":267,"menu_order":0,"comment_status":"closed","ping_status":"closed","template":"","meta":{"_acf_changed":false,"inline_featured_image":false,"footnotes":""},"class_list":["post-578","page","type-page","status-publish","hentry"],"acf":[],"yoast_head":"<!-- This site is optimized with the Yoast SEO plugin v22.4 - https:\/\/yoast.com\/wordpress\/plugins\/seo\/ -->\n<title>Project management - Global Text<\/title>\n<meta name=\"robots\" content=\"index, follow, max-snippet:-1, max-image-preview:large, max-video-preview:-1\" \/>\n<link rel=\"canonical\" href=\"https:\/\/globaltext.se\/en\/our-services\/project-management\/\" \/>\n<meta property=\"og:locale\" content=\"en_US\" \/>\n<meta property=\"og:type\" content=\"article\" \/>\n<meta property=\"og:title\" content=\"Project management - Global Text\" \/>\n<meta property=\"og:description\" content=\"Get your own dedicated project manager Our project managers have one of the most important roles in the translation process. With a strong customer focus, they find the right translator for the assignment, coordinate the work and ensure that an accurate translation is delivered. This proactive project approach helps us, our translators and most importantly, [&hellip;]\" \/>\n<meta property=\"og:url\" content=\"https:\/\/globaltext.se\/en\/our-services\/project-management\/\" \/>\n<meta property=\"og:site_name\" content=\"Global Text\" \/>\n<meta property=\"article:modified_time\" content=\"2019-08-02T09:29:45+00:00\" \/>\n<meta property=\"og:image\" content=\"https:\/\/globaltext.se\/wp-content\/uploads\/2019\/06\/ourservices_1.svg\" \/>\n<meta name=\"twitter:card\" content=\"summary_large_image\" \/>\n<meta name=\"twitter:label1\" content=\"Est. reading time\" \/>\n\t<meta name=\"twitter:data1\" content=\"1 minute\" \/>\n<script type=\"application\/ld+json\" class=\"yoast-schema-graph\">{\"@context\":\"https:\/\/schema.org\",\"@graph\":[{\"@type\":\"WebPage\",\"@id\":\"https:\/\/globaltext.se\/en\/our-services\/project-management\/\",\"url\":\"https:\/\/globaltext.se\/en\/our-services\/project-management\/\",\"name\":\"Project management - Global Text\",\"isPartOf\":{\"@id\":\"https:\/\/globaltext.se\/en\/#website\"},\"primaryImageOfPage\":{\"@id\":\"https:\/\/globaltext.se\/en\/our-services\/project-management\/#primaryimage\"},\"image\":{\"@id\":\"https:\/\/globaltext.se\/en\/our-services\/project-management\/#primaryimage\"},\"thumbnailUrl\":\"https:\/\/globaltext.se\/wp-content\/uploads\/2019\/06\/ourservices_1.svg\",\"datePublished\":\"2019-07-10T09:10:40+00:00\",\"dateModified\":\"2019-08-02T09:29:45+00:00\",\"breadcrumb\":{\"@id\":\"https:\/\/globaltext.se\/en\/our-services\/project-management\/#breadcrumb\"},\"inLanguage\":\"en-US\",\"potentialAction\":[{\"@type\":\"ReadAction\",\"target\":[\"https:\/\/globaltext.se\/en\/our-services\/project-management\/\"]}]},{\"@type\":\"ImageObject\",\"inLanguage\":\"en-US\",\"@id\":\"https:\/\/globaltext.se\/en\/our-services\/project-management\/#primaryimage\",\"url\":\"https:\/\/globaltext.se\/wp-content\/uploads\/2019\/06\/ourservices_1.svg\",\"contentUrl\":\"https:\/\/globaltext.se\/wp-content\/uploads\/2019\/06\/ourservices_1.svg\"},{\"@type\":\"BreadcrumbList\",\"@id\":\"https:\/\/globaltext.se\/en\/our-services\/project-management\/#breadcrumb\",\"itemListElement\":[{\"@type\":\"ListItem\",\"position\":1,\"name\":\"Home\",\"item\":\"https:\/\/globaltext.se\/en\/\"},{\"@type\":\"ListItem\",\"position\":2,\"name\":\"Our services\",\"item\":\"https:\/\/globaltext.se\/en\/our-services\/\"},{\"@type\":\"ListItem\",\"position\":3,\"name\":\"Project management\"}]},{\"@type\":\"WebSite\",\"@id\":\"https:\/\/globaltext.se\/en\/#website\",\"url\":\"https:\/\/globaltext.se\/en\/\",\"name\":\"Global Text\",\"description\":\"Global Text \u00f6vers\u00e4ttningar: \u00d6vers\u00e4ttningsbyr\u00e5 i Stockholm\",\"potentialAction\":[{\"@type\":\"SearchAction\",\"target\":{\"@type\":\"EntryPoint\",\"urlTemplate\":\"https:\/\/globaltext.se\/en\/?s={search_term_string}\"},\"query-input\":\"required name=search_term_string\"}],\"inLanguage\":\"en-US\"}]}<\/script>\n<!-- \/ Yoast SEO plugin. -->","yoast_head_json":{"title":"Project management - Global Text","robots":{"index":"index","follow":"follow","max-snippet":"max-snippet:-1","max-image-preview":"max-image-preview:large","max-video-preview":"max-video-preview:-1"},"canonical":"https:\/\/globaltext.se\/en\/our-services\/project-management\/","og_locale":"en_US","og_type":"article","og_title":"Project management - Global Text","og_description":"Get your own dedicated project manager Our project managers have one of the most important roles in the translation process. With a strong customer focus, they find the right translator for the assignment, coordinate the work and ensure that an accurate translation is delivered. This proactive project approach helps us, our translators and most importantly, [&hellip;]","og_url":"https:\/\/globaltext.se\/en\/our-services\/project-management\/","og_site_name":"Global Text","article_modified_time":"2019-08-02T09:29:45+00:00","og_image":[{"url":"https:\/\/globaltext.se\/wp-content\/uploads\/2019\/06\/ourservices_1.svg"}],"twitter_card":"summary_large_image","twitter_misc":{"Est. reading time":"1 minute"},"schema":{"@context":"https:\/\/schema.org","@graph":[{"@type":"WebPage","@id":"https:\/\/globaltext.se\/en\/our-services\/project-management\/","url":"https:\/\/globaltext.se\/en\/our-services\/project-management\/","name":"Project management - Global Text","isPartOf":{"@id":"https:\/\/globaltext.se\/en\/#website"},"primaryImageOfPage":{"@id":"https:\/\/globaltext.se\/en\/our-services\/project-management\/#primaryimage"},"image":{"@id":"https:\/\/globaltext.se\/en\/our-services\/project-management\/#primaryimage"},"thumbnailUrl":"https:\/\/globaltext.se\/wp-content\/uploads\/2019\/06\/ourservices_1.svg","datePublished":"2019-07-10T09:10:40+00:00","dateModified":"2019-08-02T09:29:45+00:00","breadcrumb":{"@id":"https:\/\/globaltext.se\/en\/our-services\/project-management\/#breadcrumb"},"inLanguage":"en-US","potentialAction":[{"@type":"ReadAction","target":["https:\/\/globaltext.se\/en\/our-services\/project-management\/"]}]},{"@type":"ImageObject","inLanguage":"en-US","@id":"https:\/\/globaltext.se\/en\/our-services\/project-management\/#primaryimage","url":"https:\/\/globaltext.se\/wp-content\/uploads\/2019\/06\/ourservices_1.svg","contentUrl":"https:\/\/globaltext.se\/wp-content\/uploads\/2019\/06\/ourservices_1.svg"},{"@type":"BreadcrumbList","@id":"https:\/\/globaltext.se\/en\/our-services\/project-management\/#breadcrumb","itemListElement":[{"@type":"ListItem","position":1,"name":"Home","item":"https:\/\/globaltext.se\/en\/"},{"@type":"ListItem","position":2,"name":"Our services","item":"https:\/\/globaltext.se\/en\/our-services\/"},{"@type":"ListItem","position":3,"name":"Project management"}]},{"@type":"WebSite","@id":"https:\/\/globaltext.se\/en\/#website","url":"https:\/\/globaltext.se\/en\/","name":"Global Text","description":"Global Text \u00f6vers\u00e4ttningar: \u00d6vers\u00e4ttningsbyr\u00e5 i Stockholm","potentialAction":[{"@type":"SearchAction","target":{"@type":"EntryPoint","urlTemplate":"https:\/\/globaltext.se\/en\/?s={search_term_string}"},"query-input":"required name=search_term_string"}],"inLanguage":"en-US"}]}},"_links":{"self":[{"href":"https:\/\/globaltext.se\/en\/wp-json\/wp\/v2\/pages\/578","targetHints":{"allow":["GET"]}}],"collection":[{"href":"https:\/\/globaltext.se\/en\/wp-json\/wp\/v2\/pages"}],"about":[{"href":"https:\/\/globaltext.se\/en\/wp-json\/wp\/v2\/types\/page"}],"author":[{"embeddable":true,"href":"https:\/\/globaltext.se\/en\/wp-json\/wp\/v2\/users\/6"}],"replies":[{"embeddable":true,"href":"https:\/\/globaltext.se\/en\/wp-json\/wp\/v2\/comments?post=578"}],"version-history":[{"count":0,"href":"https:\/\/globaltext.se\/en\/wp-json\/wp\/v2\/pages\/578\/revisions"}],"up":[{"embeddable":true,"href":"https:\/\/globaltext.se\/en\/wp-json\/wp\/v2\/pages\/267"}],"wp:attachment":[{"href":"https:\/\/globaltext.se\/en\/wp-json\/wp\/v2\/media?parent=578"}],"curies":[{"name":"wp","href":"https:\/\/api.w.org\/{rel}","templated":true}]}}