{"id":484,"date":"2019-07-05T15:19:47","date_gmt":"2019-07-05T13:19:47","guid":{"rendered":"http:\/\/globaltext.workon.studio\/?page_id=484"},"modified":"2019-07-10T12:40:41","modified_gmt":"2019-07-10T10:40:41","slug":"industrial-specialisation","status":"publish","type":"page","link":"https:\/\/globaltext.se\/en\/our-services\/industrial-specialisation\/","title":{"rendered":"Industrial Specialisation"},"content":{"rendered":"","protected":false},"excerpt":{"rendered":"","protected":false},"author":6,"featured_media":0,"parent":267,"menu_order":0,"comment_status":"closed","ping_status":"closed","template":"","meta":{"_acf_changed":false,"inline_featured_image":false,"footnotes":""},"class_list":["post-484","page","type-page","status-publish","hentry"],"acf":[],"yoast_head":"<!-- This site is optimized with the Yoast SEO plugin v22.4 - https:\/\/yoast.com\/wordpress\/plugins\/seo\/ -->\n<title>Industrial Specialisation - Global Text<\/title>\n<meta name=\"robots\" content=\"index, follow, max-snippet:-1, max-image-preview:large, max-video-preview:-1\" \/>\n<link rel=\"canonical\" href=\"https:\/\/globaltext.se\/en\/our-services\/industrial-specialisation\/\" \/>\n<meta property=\"og:locale\" content=\"en_US\" \/>\n<meta property=\"og:type\" content=\"article\" \/>\n<meta property=\"og:title\" content=\"Industrial Specialisation - Global Text\" \/>\n<meta property=\"og:url\" content=\"https:\/\/globaltext.se\/en\/our-services\/industrial-specialisation\/\" \/>\n<meta property=\"og:site_name\" content=\"Global Text\" \/>\n<meta property=\"article:modified_time\" content=\"2019-07-10T10:40:41+00:00\" \/>\n<meta name=\"twitter:card\" content=\"summary_large_image\" \/>\n<script type=\"application\/ld+json\" class=\"yoast-schema-graph\">{\"@context\":\"https:\/\/schema.org\",\"@graph\":[{\"@type\":\"WebPage\",\"@id\":\"https:\/\/globaltext.se\/en\/our-services\/industrial-specialisation\/\",\"url\":\"https:\/\/globaltext.se\/en\/our-services\/industrial-specialisation\/\",\"name\":\"Industrial Specialisation - Global Text\",\"isPartOf\":{\"@id\":\"https:\/\/globaltext.se\/en\/#website\"},\"datePublished\":\"2019-07-05T13:19:47+00:00\",\"dateModified\":\"2019-07-10T10:40:41+00:00\",\"breadcrumb\":{\"@id\":\"https:\/\/globaltext.se\/en\/our-services\/industrial-specialisation\/#breadcrumb\"},\"inLanguage\":\"en-US\",\"potentialAction\":[{\"@type\":\"ReadAction\",\"target\":[\"https:\/\/globaltext.se\/en\/our-services\/industrial-specialisation\/\"]}]},{\"@type\":\"BreadcrumbList\",\"@id\":\"https:\/\/globaltext.se\/en\/our-services\/industrial-specialisation\/#breadcrumb\",\"itemListElement\":[{\"@type\":\"ListItem\",\"position\":1,\"name\":\"Home\",\"item\":\"https:\/\/globaltext.se\/en\/\"},{\"@type\":\"ListItem\",\"position\":2,\"name\":\"Our services\",\"item\":\"https:\/\/globaltext.se\/en\/our-services\/\"},{\"@type\":\"ListItem\",\"position\":3,\"name\":\"Industrial Specialisation\"}]},{\"@type\":\"WebSite\",\"@id\":\"https:\/\/globaltext.se\/en\/#website\",\"url\":\"https:\/\/globaltext.se\/en\/\",\"name\":\"Global Text\",\"description\":\"Global Text \u00f6vers\u00e4ttningar: \u00d6vers\u00e4ttningsbyr\u00e5 i Stockholm\",\"potentialAction\":[{\"@type\":\"SearchAction\",\"target\":{\"@type\":\"EntryPoint\",\"urlTemplate\":\"https:\/\/globaltext.se\/en\/?s={search_term_string}\"},\"query-input\":\"required name=search_term_string\"}],\"inLanguage\":\"en-US\"}]}<\/script>\n<!-- \/ Yoast SEO plugin. -->","yoast_head_json":{"title":"Industrial Specialisation - Global Text","robots":{"index":"index","follow":"follow","max-snippet":"max-snippet:-1","max-image-preview":"max-image-preview:large","max-video-preview":"max-video-preview:-1"},"canonical":"https:\/\/globaltext.se\/en\/our-services\/industrial-specialisation\/","og_locale":"en_US","og_type":"article","og_title":"Industrial Specialisation - Global Text","og_url":"https:\/\/globaltext.se\/en\/our-services\/industrial-specialisation\/","og_site_name":"Global Text","article_modified_time":"2019-07-10T10:40:41+00:00","twitter_card":"summary_large_image","schema":{"@context":"https:\/\/schema.org","@graph":[{"@type":"WebPage","@id":"https:\/\/globaltext.se\/en\/our-services\/industrial-specialisation\/","url":"https:\/\/globaltext.se\/en\/our-services\/industrial-specialisation\/","name":"Industrial Specialisation - Global Text","isPartOf":{"@id":"https:\/\/globaltext.se\/en\/#website"},"datePublished":"2019-07-05T13:19:47+00:00","dateModified":"2019-07-10T10:40:41+00:00","breadcrumb":{"@id":"https:\/\/globaltext.se\/en\/our-services\/industrial-specialisation\/#breadcrumb"},"inLanguage":"en-US","potentialAction":[{"@type":"ReadAction","target":["https:\/\/globaltext.se\/en\/our-services\/industrial-specialisation\/"]}]},{"@type":"BreadcrumbList","@id":"https:\/\/globaltext.se\/en\/our-services\/industrial-specialisation\/#breadcrumb","itemListElement":[{"@type":"ListItem","position":1,"name":"Home","item":"https:\/\/globaltext.se\/en\/"},{"@type":"ListItem","position":2,"name":"Our services","item":"https:\/\/globaltext.se\/en\/our-services\/"},{"@type":"ListItem","position":3,"name":"Industrial Specialisation"}]},{"@type":"WebSite","@id":"https:\/\/globaltext.se\/en\/#website","url":"https:\/\/globaltext.se\/en\/","name":"Global Text","description":"Global Text \u00f6vers\u00e4ttningar: \u00d6vers\u00e4ttningsbyr\u00e5 i Stockholm","potentialAction":[{"@type":"SearchAction","target":{"@type":"EntryPoint","urlTemplate":"https:\/\/globaltext.se\/en\/?s={search_term_string}"},"query-input":"required name=search_term_string"}],"inLanguage":"en-US"}]}},"_links":{"self":[{"href":"https:\/\/globaltext.se\/en\/wp-json\/wp\/v2\/pages\/484","targetHints":{"allow":["GET"]}}],"collection":[{"href":"https:\/\/globaltext.se\/en\/wp-json\/wp\/v2\/pages"}],"about":[{"href":"https:\/\/globaltext.se\/en\/wp-json\/wp\/v2\/types\/page"}],"author":[{"embeddable":true,"href":"https:\/\/globaltext.se\/en\/wp-json\/wp\/v2\/users\/6"}],"replies":[{"embeddable":true,"href":"https:\/\/globaltext.se\/en\/wp-json\/wp\/v2\/comments?post=484"}],"version-history":[{"count":0,"href":"https:\/\/globaltext.se\/en\/wp-json\/wp\/v2\/pages\/484\/revisions"}],"up":[{"embeddable":true,"href":"https:\/\/globaltext.se\/en\/wp-json\/wp\/v2\/pages\/267"}],"wp:attachment":[{"href":"https:\/\/globaltext.se\/en\/wp-json\/wp\/v2\/media?parent=484"}],"curies":[{"name":"wp","href":"https:\/\/api.w.org\/{rel}","templated":true}]}}