{"id":127,"date":"2019-06-14T12:46:12","date_gmt":"2019-06-14T10:46:12","guid":{"rendered":"http:\/\/globaltext.workon.studio\/?page_id=127"},"modified":"2023-12-28T12:00:14","modified_gmt":"2023-12-28T11:00:14","slug":"about-us","status":"publish","type":"page","link":"https:\/\/globaltext.se\/en\/about-us\/","title":{"rendered":"About us"},"content":{"rendered":"\t\t<div data-elementor-type=\"wp-post\" data-elementor-id=\"127\" class=\"elementor elementor-127\" data-elementor-post-type=\"page\">\n\t\t\t\t\t\t<section class=\"elementor-section elementor-top-section elementor-element elementor-element-6c633b3 elementor-section-boxed elementor-section-height-default elementor-section-height-default\" data-id=\"6c633b3\" data-element_type=\"section\" data-settings=\"{&quot;background_background&quot;:&quot;gradient&quot;}\">\n\t\t\t\t\t\t<div class=\"elementor-container elementor-column-gap-default\">\n\t\t\t\t\t<div class=\"elementor-column elementor-col-100 elementor-top-column elementor-element elementor-element-deb74ba\" data-id=\"deb74ba\" data-element_type=\"column\">\n\t\t\t<div class=\"elementor-widget-wrap elementor-element-populated\">\n\t\t\t\t\t\t<div class=\"elementor-element elementor-element-0d1289b elementor-widget elementor-widget-breadcrumbs\" data-id=\"0d1289b\" data-element_type=\"widget\" data-widget_type=\"breadcrumbs.default\">\n\t\t\t\t<div class=\"elementor-widget-container\">\n\t\t\t\t\t<p id=\"breadcrumbs\"><span><span><a href=\"https:\/\/globaltext.se\/en\/\">Home<\/a><\/span><\/span><\/p>\t\t\t\t<\/div>\n\t\t\t\t<\/div>\n\t\t\t\t\t<\/div>\n\t\t<\/div>\n\t\t\t\t\t<\/div>\n\t\t<\/section>\n\t\t\t\t<section class=\"elementor-section elementor-top-section elementor-element elementor-element-a39aa3a elementor-section-boxed elementor-section-height-default elementor-section-height-default\" data-id=\"a39aa3a\" data-element_type=\"section\">\n\t\t\t\t\t\t<div class=\"elementor-container elementor-column-gap-default\">\n\t\t\t\t\t<div class=\"elementor-column elementor-col-50 elementor-top-column elementor-element elementor-element-3750a56\" data-id=\"3750a56\" data-element_type=\"column\">\n\t\t\t<div class=\"elementor-widget-wrap elementor-element-populated\">\n\t\t\t\t\t\t<div class=\"elementor-element elementor-element-0a8f498 elementor-widget elementor-widget-heading\" data-id=\"0a8f498\" data-element_type=\"widget\" data-widget_type=\"heading.default\">\n\t\t\t\t<div class=\"elementor-widget-container\">\n\t\t\t\t\t<h2 class=\"elementor-heading-title elementor-size-default\">About us<\/h2>\t\t\t\t<\/div>\n\t\t\t\t<\/div>\n\t\t\t\t<div class=\"elementor-element elementor-element-a5bc214 elementor-widget elementor-widget-text-editor\" data-id=\"a5bc214\" data-element_type=\"widget\" data-widget_type=\"text-editor.default\">\n\t\t\t\t<div class=\"elementor-widget-container\">\n\t\t\t\t\t\t\t\t\t<p>Global Text is a translation company based in Stockholm. We have been a valued partner, helping companies and institutions with translation services, for twenty years. Our most notable characteristic is our particular focus on the customer in combination with our high quality standards.<\/p>\t\t\t\t\t\t\t\t<\/div>\n\t\t\t\t<\/div>\n\t\t\t\t<div class=\"elementor-element elementor-element-89511be elementor-widget elementor-widget-text-editor\" data-id=\"89511be\" data-element_type=\"widget\" data-widget_type=\"text-editor.default\">\n\t\t\t\t<div class=\"elementor-widget-container\">\n\t\t\t\t\t\t\t\t\t<p>Our combination of the most skilled translators on the market and cost-saving solutions enables us to offer translations with the highest possible levels of service, while also working to save money for our customers.<\/p>\t\t\t\t\t\t\t\t<\/div>\n\t\t\t\t<\/div>\n\t\t\t\t<div class=\"elementor-element elementor-element-20b537b elementor-widget elementor-widget-text-editor\" data-id=\"20b537b\" data-element_type=\"widget\" data-widget_type=\"text-editor.default\">\n\t\t\t\t<div class=\"elementor-widget-container\">\n\t\t\t\t\t\t\t\t\t<p>Our business concept as a translation company is to offer quality-assured translations in an efficient way that always result in satisfied customers and, ultimately, in long-term partnerships.<\/p>\t\t\t\t\t\t\t\t<\/div>\n\t\t\t\t<\/div>\n\t\t\t\t\t<\/div>\n\t\t<\/div>\n\t\t\t\t<div class=\"elementor-column elementor-col-50 elementor-top-column elementor-element elementor-element-52fd1a0\" data-id=\"52fd1a0\" data-element_type=\"column\">\n\t\t\t<div class=\"elementor-widget-wrap elementor-element-populated\">\n\t\t\t\t\t\t<div class=\"elementor-element elementor-element-6c0e523 elementor-hidden-tablet elementor-hidden-phone elementor-widget elementor-widget-image\" data-id=\"6c0e523\" data-element_type=\"widget\" data-widget_type=\"image.default\">\n\t\t\t\t<div class=\"elementor-widget-container\">\n\t\t\t\t\t\t\t\t\t\t\t\t\t\t\t<img decoding=\"async\" width=\"1\" height=\"1\" src=\"https:\/\/globaltext.se\/wp-content\/uploads\/2019\/06\/aboutus_1.svg\" class=\"attachment-large size-large wp-image-154\" alt=\"\" \/>\t\t\t\t\t\t\t\t\t\t\t\t\t\t\t<\/div>\n\t\t\t\t<\/div>\n\t\t\t\t\t<\/div>\n\t\t<\/div>\n\t\t\t\t\t<\/div>\n\t\t<\/section>\n\t\t\t\t<section class=\"elementor-section elementor-top-section elementor-element elementor-element-7433760 elementor-section-boxed elementor-section-height-default elementor-section-height-default\" data-id=\"7433760\" data-element_type=\"section\">\n\t\t\t\t\t\t<div class=\"elementor-container elementor-column-gap-default\">\n\t\t\t\t\t<div class=\"elementor-column elementor-col-50 elementor-top-column elementor-element elementor-element-7209d80\" data-id=\"7209d80\" data-element_type=\"column\">\n\t\t\t<div class=\"elementor-widget-wrap elementor-element-populated\">\n\t\t\t\t\t\t<div class=\"elementor-element elementor-element-a28a1fc elementor-widget elementor-widget-heading\" data-id=\"a28a1fc\" data-element_type=\"widget\" data-widget_type=\"heading.default\">\n\t\t\t\t<div class=\"elementor-widget-container\">\n\t\t\t\t\t<h5 class=\"elementor-heading-title elementor-size-default\">Reasons for working with Global Text\n<\/h5>\t\t\t\t<\/div>\n\t\t\t\t<\/div>\n\t\t\t\t<div class=\"elementor-element elementor-element-75bca05 elementor-widget elementor-widget-text-editor\" data-id=\"75bca05\" data-element_type=\"widget\" data-widget_type=\"text-editor.default\">\n\t\t\t\t<div class=\"elementor-widget-container\">\n\t\t\t\t\t\t\t\t\t<ul><li>We focus specifically on the customer and listen to your needs<\/li><li>Our technical solutions save money and ensure the highest quality levels<\/li><li>Dedicated project managers make sure that results meet your expectations<\/li><li>Fast deliveries thanks to our efficient technical solutions<\/li><\/ul>\t\t\t\t\t\t\t\t<\/div>\n\t\t\t\t<\/div>\n\t\t\t\t<div class=\"elementor-element elementor-element-74d5c39 elementor-widget elementor-widget-text-editor\" data-id=\"74d5c39\" data-element_type=\"widget\" data-widget_type=\"text-editor.default\">\n\t\t\t\t<div class=\"elementor-widget-container\">\n\t\t\t\t\t\t\t\t\t<p>Our goal is always long-term cooperation with our customers. <br \/>We care about quality!<\/p>\t\t\t\t\t\t\t\t<\/div>\n\t\t\t\t<\/div>\n\t\t\t\t\t<\/div>\n\t\t<\/div>\n\t\t\t\t<div class=\"elementor-column elementor-col-50 elementor-top-column elementor-element elementor-element-b961363\" data-id=\"b961363\" data-element_type=\"column\">\n\t\t\t<div class=\"elementor-widget-wrap\">\n\t\t\t\t\t\t\t<\/div>\n\t\t<\/div>\n\t\t\t\t\t<\/div>\n\t\t<\/section>\n\t\t\t\t<section class=\"elementor-section elementor-top-section elementor-element elementor-element-d9abc95 bubble elementor-section-boxed elementor-section-height-default elementor-section-height-default\" data-id=\"d9abc95\" data-element_type=\"section\" id=\"about-us-bubble-1\" data-settings=\"{&quot;background_background&quot;:&quot;classic&quot;}\">\n\t\t\t\t\t\t<div class=\"elementor-container elementor-column-gap-default\">\n\t\t\t\t\t<div class=\"elementor-column elementor-col-100 elementor-top-column elementor-element elementor-element-467c0d0c\" data-id=\"467c0d0c\" data-element_type=\"column\">\n\t\t\t<div class=\"elementor-widget-wrap elementor-element-populated\">\n\t\t\t\t\t\t<div class=\"elementor-element elementor-element-35f687bc bubble-wrapper elementor-widget elementor-widget-image\" data-id=\"35f687bc\" data-element_type=\"widget\" data-widget_type=\"image.default\">\n\t\t\t\t<div class=\"elementor-widget-container\">\n\t\t\t\t\t\t\t\t\t\t\t\t\t\t\t<img fetchpriority=\"high\" decoding=\"async\" width=\"356\" height=\"356\" src=\"https:\/\/globaltext.se\/wp-content\/uploads\/2019\/07\/bubble.png\" class=\"attachment-medium_large size-medium_large wp-image-461\" alt=\"\" srcset=\"https:\/\/globaltext.se\/wp-content\/uploads\/2019\/07\/bubble.png 356w, https:\/\/globaltext.se\/wp-content\/uploads\/2019\/07\/bubble-150x150.png 150w, https:\/\/globaltext.se\/wp-content\/uploads\/2019\/07\/bubble-300x300.png 300w\" sizes=\"(max-width: 356px) 100vw, 356px\" \/>\t\t\t\t\t\t\t\t\t\t\t\t\t\t\t<\/div>\n\t\t\t\t<\/div>\n\t\t\t\t\t<\/div>\n\t\t<\/div>\n\t\t\t\t\t<\/div>\n\t\t<\/section>\n\t\t\t\t<section class=\"elementor-section elementor-top-section elementor-element elementor-element-4da2dd8 bubble elementor-section-boxed elementor-section-height-default elementor-section-height-default\" data-id=\"4da2dd8\" data-element_type=\"section\" id=\"about-us-bubble-2\" data-settings=\"{&quot;background_background&quot;:&quot;classic&quot;}\">\n\t\t\t\t\t\t<div class=\"elementor-container elementor-column-gap-default\">\n\t\t\t\t\t<div class=\"elementor-column elementor-col-100 elementor-top-column elementor-element elementor-element-f26c9b2\" data-id=\"f26c9b2\" data-element_type=\"column\">\n\t\t\t<div class=\"elementor-widget-wrap elementor-element-populated\">\n\t\t\t\t\t\t<div class=\"elementor-element elementor-element-010a5f7 bubble-wrapper elementor-widget elementor-widget-image\" data-id=\"010a5f7\" data-element_type=\"widget\" data-widget_type=\"image.default\">\n\t\t\t\t<div class=\"elementor-widget-container\">\n\t\t\t\t\t\t\t\t\t\t\t\t\t\t\t<img fetchpriority=\"high\" decoding=\"async\" width=\"356\" height=\"356\" src=\"https:\/\/globaltext.se\/wp-content\/uploads\/2019\/07\/bubble.png\" class=\"attachment-medium_large size-medium_large wp-image-461\" alt=\"\" srcset=\"https:\/\/globaltext.se\/wp-content\/uploads\/2019\/07\/bubble.png 356w, https:\/\/globaltext.se\/wp-content\/uploads\/2019\/07\/bubble-150x150.png 150w, https:\/\/globaltext.se\/wp-content\/uploads\/2019\/07\/bubble-300x300.png 300w\" sizes=\"(max-width: 356px) 100vw, 356px\" \/>\t\t\t\t\t\t\t\t\t\t\t\t\t\t\t<\/div>\n\t\t\t\t<\/div>\n\t\t\t\t\t<\/div>\n\t\t<\/div>\n\t\t\t\t\t<\/div>\n\t\t<\/section>\n\t\t\t\t<section class=\"elementor-section elementor-top-section elementor-element elementor-element-38d23e1 bubble elementor-section-boxed elementor-section-height-default elementor-section-height-default\" data-id=\"38d23e1\" data-element_type=\"section\" id=\"about-us-bubble-3\" data-settings=\"{&quot;background_background&quot;:&quot;classic&quot;}\">\n\t\t\t\t\t\t<div class=\"elementor-container elementor-column-gap-default\">\n\t\t\t\t\t<div class=\"elementor-column elementor-col-100 elementor-top-column elementor-element elementor-element-7c3ab2f\" data-id=\"7c3ab2f\" data-element_type=\"column\">\n\t\t\t<div class=\"elementor-widget-wrap elementor-element-populated\">\n\t\t\t\t\t\t<div class=\"elementor-element elementor-element-5551802 bubble-wrapper elementor-widget elementor-widget-image\" data-id=\"5551802\" data-element_type=\"widget\" data-widget_type=\"image.default\">\n\t\t\t\t<div class=\"elementor-widget-container\">\n\t\t\t\t\t\t\t\t\t\t\t\t\t\t\t<img fetchpriority=\"high\" decoding=\"async\" width=\"356\" height=\"356\" src=\"https:\/\/globaltext.se\/wp-content\/uploads\/2019\/07\/bubble.png\" class=\"attachment-medium_large size-medium_large wp-image-461\" alt=\"\" srcset=\"https:\/\/globaltext.se\/wp-content\/uploads\/2019\/07\/bubble.png 356w, https:\/\/globaltext.se\/wp-content\/uploads\/2019\/07\/bubble-150x150.png 150w, https:\/\/globaltext.se\/wp-content\/uploads\/2019\/07\/bubble-300x300.png 300w\" sizes=\"(max-width: 356px) 100vw, 356px\" \/>\t\t\t\t\t\t\t\t\t\t\t\t\t\t\t<\/div>\n\t\t\t\t<\/div>\n\t\t\t\t\t<\/div>\n\t\t<\/div>\n\t\t\t\t\t<\/div>\n\t\t<\/section>\n\t\t\t\t<section class=\"elementor-section elementor-top-section elementor-element elementor-element-c6b6bf2 bubble elementor-section-boxed elementor-section-height-default elementor-section-height-default\" data-id=\"c6b6bf2\" data-element_type=\"section\" id=\"about-us-bubble-4\" data-settings=\"{&quot;background_background&quot;:&quot;classic&quot;}\">\n\t\t\t\t\t\t<div class=\"elementor-container elementor-column-gap-default\">\n\t\t\t\t\t<div class=\"elementor-column elementor-col-100 elementor-top-column elementor-element elementor-element-4af300e\" data-id=\"4af300e\" data-element_type=\"column\">\n\t\t\t<div class=\"elementor-widget-wrap elementor-element-populated\">\n\t\t\t\t\t\t<div class=\"elementor-element elementor-element-78e631e bubble-wrapper elementor-widget elementor-widget-image\" data-id=\"78e631e\" data-element_type=\"widget\" data-widget_type=\"image.default\">\n\t\t\t\t<div class=\"elementor-widget-container\">\n\t\t\t\t\t\t\t\t\t\t\t\t\t\t\t<img fetchpriority=\"high\" decoding=\"async\" width=\"356\" height=\"356\" src=\"https:\/\/globaltext.se\/wp-content\/uploads\/2019\/07\/bubble.png\" class=\"attachment-medium_large size-medium_large wp-image-461\" alt=\"\" srcset=\"https:\/\/globaltext.se\/wp-content\/uploads\/2019\/07\/bubble.png 356w, https:\/\/globaltext.se\/wp-content\/uploads\/2019\/07\/bubble-150x150.png 150w, https:\/\/globaltext.se\/wp-content\/uploads\/2019\/07\/bubble-300x300.png 300w\" sizes=\"(max-width: 356px) 100vw, 356px\" \/>\t\t\t\t\t\t\t\t\t\t\t\t\t\t\t<\/div>\n\t\t\t\t<\/div>\n\t\t\t\t\t<\/div>\n\t\t<\/div>\n\t\t\t\t\t<\/div>\n\t\t<\/section>\n\t\t\t\t<\/div>\n\t\t","protected":false},"excerpt":{"rendered":"<p>About us Global Text is a translation company based in Stockholm. We have been a valued partner, helping companies and institutions with translation services, for twenty years. Our most notable characteristic is our particular focus on the customer in combination with our high quality standards. Our combination of the most skilled translators on the market [&hellip;]<\/p>\n","protected":false},"author":6,"featured_media":0,"parent":0,"menu_order":0,"comment_status":"closed","ping_status":"closed","template":"","meta":{"_acf_changed":false,"inline_featured_image":false,"footnotes":""},"class_list":["post-127","page","type-page","status-publish","hentry"],"acf":[],"yoast_head":"<!-- This site is optimized with the Yoast SEO plugin v22.4 - https:\/\/yoast.com\/wordpress\/plugins\/seo\/ -->\n<title>About us - Global Text<\/title>\n<meta name=\"robots\" content=\"index, follow, max-snippet:-1, max-image-preview:large, max-video-preview:-1\" \/>\n<link rel=\"canonical\" href=\"https:\/\/globaltext.se\/en\/about-us\/\" \/>\n<meta property=\"og:locale\" content=\"en_US\" \/>\n<meta property=\"og:type\" content=\"article\" \/>\n<meta property=\"og:title\" content=\"About us - Global Text\" \/>\n<meta property=\"og:description\" content=\"About us Global Text is a translation company based in Stockholm. We have been a valued partner, helping companies and institutions with translation services, for twenty years. Our most notable characteristic is our particular focus on the customer in combination with our high quality standards. Our combination of the most skilled translators on the market [&hellip;]\" \/>\n<meta property=\"og:url\" content=\"https:\/\/globaltext.se\/en\/about-us\/\" \/>\n<meta property=\"og:site_name\" content=\"Global Text\" \/>\n<meta property=\"article:modified_time\" content=\"2023-12-28T11:00:14+00:00\" \/>\n<meta property=\"og:image\" content=\"https:\/\/globaltext.se\/wp-content\/uploads\/2019\/06\/aboutus_1.svg\" \/>\n<meta name=\"twitter:card\" content=\"summary_large_image\" \/>\n<meta name=\"twitter:label1\" content=\"Est. reading time\" \/>\n\t<meta name=\"twitter:data1\" content=\"2 minutes\" \/>\n<script type=\"application\/ld+json\" class=\"yoast-schema-graph\">{\"@context\":\"https:\/\/schema.org\",\"@graph\":[{\"@type\":\"WebPage\",\"@id\":\"https:\/\/globaltext.se\/en\/about-us\/\",\"url\":\"https:\/\/globaltext.se\/en\/about-us\/\",\"name\":\"About us - Global Text\",\"isPartOf\":{\"@id\":\"https:\/\/globaltext.se\/en\/#website\"},\"primaryImageOfPage\":{\"@id\":\"https:\/\/globaltext.se\/en\/about-us\/#primaryimage\"},\"image\":{\"@id\":\"https:\/\/globaltext.se\/en\/about-us\/#primaryimage\"},\"thumbnailUrl\":\"https:\/\/globaltext.se\/wp-content\/uploads\/2019\/06\/aboutus_1.svg\",\"datePublished\":\"2019-06-14T10:46:12+00:00\",\"dateModified\":\"2023-12-28T11:00:14+00:00\",\"breadcrumb\":{\"@id\":\"https:\/\/globaltext.se\/en\/about-us\/#breadcrumb\"},\"inLanguage\":\"en-US\",\"potentialAction\":[{\"@type\":\"ReadAction\",\"target\":[\"https:\/\/globaltext.se\/en\/about-us\/\"]}]},{\"@type\":\"ImageObject\",\"inLanguage\":\"en-US\",\"@id\":\"https:\/\/globaltext.se\/en\/about-us\/#primaryimage\",\"url\":\"https:\/\/globaltext.se\/wp-content\/uploads\/2019\/06\/aboutus_1.svg\",\"contentUrl\":\"https:\/\/globaltext.se\/wp-content\/uploads\/2019\/06\/aboutus_1.svg\"},{\"@type\":\"BreadcrumbList\",\"@id\":\"https:\/\/globaltext.se\/en\/about-us\/#breadcrumb\",\"itemListElement\":[{\"@type\":\"ListItem\",\"position\":1,\"name\":\"Home\",\"item\":\"https:\/\/globaltext.se\/en\/\"},{\"@type\":\"ListItem\",\"position\":2,\"name\":\"About us\"}]},{\"@type\":\"WebSite\",\"@id\":\"https:\/\/globaltext.se\/en\/#website\",\"url\":\"https:\/\/globaltext.se\/en\/\",\"name\":\"Global Text\",\"description\":\"Global Text \u00f6vers\u00e4ttningar: \u00d6vers\u00e4ttningsbyr\u00e5 i Stockholm\",\"potentialAction\":[{\"@type\":\"SearchAction\",\"target\":{\"@type\":\"EntryPoint\",\"urlTemplate\":\"https:\/\/globaltext.se\/en\/?s={search_term_string}\"},\"query-input\":\"required name=search_term_string\"}],\"inLanguage\":\"en-US\"}]}<\/script>\n<!-- \/ Yoast SEO plugin. -->","yoast_head_json":{"title":"About us - Global Text","robots":{"index":"index","follow":"follow","max-snippet":"max-snippet:-1","max-image-preview":"max-image-preview:large","max-video-preview":"max-video-preview:-1"},"canonical":"https:\/\/globaltext.se\/en\/about-us\/","og_locale":"en_US","og_type":"article","og_title":"About us - Global Text","og_description":"About us Global Text is a translation company based in Stockholm. We have been a valued partner, helping companies and institutions with translation services, for twenty years. Our most notable characteristic is our particular focus on the customer in combination with our high quality standards. Our combination of the most skilled translators on the market [&hellip;]","og_url":"https:\/\/globaltext.se\/en\/about-us\/","og_site_name":"Global Text","article_modified_time":"2023-12-28T11:00:14+00:00","og_image":[{"url":"https:\/\/globaltext.se\/wp-content\/uploads\/2019\/06\/aboutus_1.svg"}],"twitter_card":"summary_large_image","twitter_misc":{"Est. reading time":"2 minutes"},"schema":{"@context":"https:\/\/schema.org","@graph":[{"@type":"WebPage","@id":"https:\/\/globaltext.se\/en\/about-us\/","url":"https:\/\/globaltext.se\/en\/about-us\/","name":"About us - Global Text","isPartOf":{"@id":"https:\/\/globaltext.se\/en\/#website"},"primaryImageOfPage":{"@id":"https:\/\/globaltext.se\/en\/about-us\/#primaryimage"},"image":{"@id":"https:\/\/globaltext.se\/en\/about-us\/#primaryimage"},"thumbnailUrl":"https:\/\/globaltext.se\/wp-content\/uploads\/2019\/06\/aboutus_1.svg","datePublished":"2019-06-14T10:46:12+00:00","dateModified":"2023-12-28T11:00:14+00:00","breadcrumb":{"@id":"https:\/\/globaltext.se\/en\/about-us\/#breadcrumb"},"inLanguage":"en-US","potentialAction":[{"@type":"ReadAction","target":["https:\/\/globaltext.se\/en\/about-us\/"]}]},{"@type":"ImageObject","inLanguage":"en-US","@id":"https:\/\/globaltext.se\/en\/about-us\/#primaryimage","url":"https:\/\/globaltext.se\/wp-content\/uploads\/2019\/06\/aboutus_1.svg","contentUrl":"https:\/\/globaltext.se\/wp-content\/uploads\/2019\/06\/aboutus_1.svg"},{"@type":"BreadcrumbList","@id":"https:\/\/globaltext.se\/en\/about-us\/#breadcrumb","itemListElement":[{"@type":"ListItem","position":1,"name":"Home","item":"https:\/\/globaltext.se\/en\/"},{"@type":"ListItem","position":2,"name":"About us"}]},{"@type":"WebSite","@id":"https:\/\/globaltext.se\/en\/#website","url":"https:\/\/globaltext.se\/en\/","name":"Global Text","description":"Global Text \u00f6vers\u00e4ttningar: \u00d6vers\u00e4ttningsbyr\u00e5 i Stockholm","potentialAction":[{"@type":"SearchAction","target":{"@type":"EntryPoint","urlTemplate":"https:\/\/globaltext.se\/en\/?s={search_term_string}"},"query-input":"required name=search_term_string"}],"inLanguage":"en-US"}]}},"_links":{"self":[{"href":"https:\/\/globaltext.se\/en\/wp-json\/wp\/v2\/pages\/127","targetHints":{"allow":["GET"]}}],"collection":[{"href":"https:\/\/globaltext.se\/en\/wp-json\/wp\/v2\/pages"}],"about":[{"href":"https:\/\/globaltext.se\/en\/wp-json\/wp\/v2\/types\/page"}],"author":[{"embeddable":true,"href":"https:\/\/globaltext.se\/en\/wp-json\/wp\/v2\/users\/6"}],"replies":[{"embeddable":true,"href":"https:\/\/globaltext.se\/en\/wp-json\/wp\/v2\/comments?post=127"}],"version-history":[{"count":0,"href":"https:\/\/globaltext.se\/en\/wp-json\/wp\/v2\/pages\/127\/revisions"}],"wp:attachment":[{"href":"https:\/\/globaltext.se\/en\/wp-json\/wp\/v2\/media?parent=127"}],"curies":[{"name":"wp","href":"https:\/\/api.w.org\/{rel}","templated":true}]}}